{"id":1447,"date":"2024-08-07T19:06:42","date_gmt":"2024-08-07T17:06:42","guid":{"rendered":"https:\/\/domooutdoor.com\/uy\/?page_id=1447"},"modified":"2024-08-13T01:43:35","modified_gmt":"2024-08-12T23:43:35","slug":"quienes-somos","status":"publish","type":"page","link":"https:\/\/domooutdoor.com\/uy\/quienes-somos\/","title":{"rendered":"Quienes somos"},"content":{"rendered":"<h1>Quienes somos<\/h1>\n<p>En <strong>Domo Outdoor<\/strong>, nos comprometemos a proporcionar la experiencia outdoor m\u00e1s completa y enriquecedora posible, ofreciendo productos de la m\u00e1s alta calidad y accesibilidad, junto con un servicio excepcional.<br \/>\nNuestra misi\u00f3n es hacer que cada momento al aire libre sea una aventura inolvidable.<br \/>\nInspiramos a personas a explorar y disfrutar del mundo que les rodea.<br \/>\nNos esforzamos por ser reconocidos por nuestra pasi\u00f3n por la naturaleza, por la cocina, nuestra innovaci\u00f3n constante y nuestra dedicaci\u00f3n a la calidad y la sostenibilidad.<\/p>\n<p>Somos una empresa familiar con tradici\u00f3n en carnes que nace en 2017 en b\u00fasqueda de llevar el mundo de la parrilla al siguiente nivel. Con el paso de los a\u00f1os fuimos desarrollando (y seguimos) otros productos para hacer de Domo una experiencia completa.<\/p>\n<p>Contamos presencia en Uruguay, Paraguay y Espa\u00f1a. Si quieres trabajar nuestra marca en tu pa\u00eds no dudes en consultarnos +598 94 777 008.<\/p>\n","protected":false},"excerpt":{"rendered":"<p>Quienes somos En Domo Outdoor, nos comprometemos a proporcionar la experiencia outdoor m\u00e1s completa y enriquecedora posible, ofreciendo productos de la m\u00e1s alta calidad y accesibilidad, junto con un servicio excepcional. Nuestra misi\u00f3n es hacer que cada momento al aire libre sea una aventura inolvidable. Inspiramos a personas a explorar y disfrutar del mundo que [&#8230;]\n","protected":false},"author":1,"featured_media":0,"parent":0,"menu_order":0,"comment_status":"closed","ping_status":"closed","template":"","meta":{"footnotes":""},"class_list":["post-1447","page","type-page","status-publish","hentry"],"aioseo_notices":[],"_links":{"self":[{"href":"https:\/\/domooutdoor.com\/uy\/wp-json\/wp\/v2\/pages\/1447","targetHints":{"allow":["GET"]}}],"collection":[{"href":"https:\/\/domooutdoor.com\/uy\/wp-json\/wp\/v2\/pages"}],"about":[{"href":"https:\/\/domooutdoor.com\/uy\/wp-json\/wp\/v2\/types\/page"}],"author":[{"embeddable":true,"href":"https:\/\/domooutdoor.com\/uy\/wp-json\/wp\/v2\/users\/1"}],"replies":[{"embeddable":true,"href":"https:\/\/domooutdoor.com\/uy\/wp-json\/wp\/v2\/comments?post=1447"}],"version-history":[{"count":5,"href":"https:\/\/domooutdoor.com\/uy\/wp-json\/wp\/v2\/pages\/1447\/revisions"}],"predecessor-version":[{"id":1478,"href":"https:\/\/domooutdoor.com\/uy\/wp-json\/wp\/v2\/pages\/1447\/revisions\/1478"}],"wp:attachment":[{"href":"https:\/\/domooutdoor.com\/uy\/wp-json\/wp\/v2\/media?parent=1447"}],"curies":[{"name":"wp","href":"https:\/\/api.w.org\/{rel}","templated":true}]}}