{"id":119,"date":"2024-05-21T17:51:39","date_gmt":"2024-05-21T15:51:39","guid":{"rendered":"https:\/\/domooutdoor.com\/uy\/?post_type=product&#038;p=119"},"modified":"2026-03-23T15:21:52","modified_gmt":"2026-03-23T14:21:52","slug":"difusor-de-calor","status":"publish","type":"product","link":"https:\/\/domooutdoor.com\/uy\/producto\/difusor-de-calor\/","title":{"rendered":"Difusor de Calor"},"content":{"rendered":"<h2>Difusor de Calor para Kamado: cocci\u00f3n indirecta perfecta<\/h2>\n<p>El <strong>difusor de calor para Kamado Domo<\/strong> es el accesorio esencial para lograr una cocci\u00f3n indirecta, lenta y uniforme. Gracias a su dise\u00f1o de cer\u00e1mica refractaria, distribuye el calor de forma pareja y evita el contacto directo de las llamas con los alimentos. Con este accesorio tu Kamado distribuye el calor por convecci\u00f3n, ideal para hacer ahumados y cocciones largas (mas de 4hs) conservando la jugosidad de los cortes.<\/p>\n<p><strong>Adem\u00e1s<\/strong>, transforma tu Kamado en un horno de convecci\u00f3n ideal para ahumar, hornear o asar cortes grandes sin riesgo de quemarlos. <strong>Tambi\u00e9n<\/strong> ayuda a mantener la humedad y el sabor en cada preparaci\u00f3n.<\/p>\n<h3>\u00bfPor qu\u00e9 usar un difusor de calor?<\/h3>\n<p><strong>En primer lugar<\/strong>, porque ampl\u00eda las posibilidades de cocci\u00f3n. <strong>Por eso<\/strong>, es ideal para recetas que requieren tiempo y precisi\u00f3n. <strong>En otras palabras<\/strong>, te permite cocinar como un profesional desde casa.<\/p>\n<ul>\n<li>\ud83d\udd25 Material cer\u00e1mico refractario<\/li>\n<li>\ud83c\udf56 Ideal para ahumar, hornear y cocci\u00f3n lenta<\/li>\n<li>\ud83c\udf00 Distribuci\u00f3n uniforme del calor<\/li>\n<li>\ud83e\uddfc F\u00e1cil de colocar y limpiar<\/li>\n<\/ul>\n<h3>Complet\u00e1 tu experiencia Kamado DOMO<\/h3>\n<p>Combin\u00e1 el <strong>difusor de calor para Kamado<\/strong> con nuestros <a href=\"https:\/\/domooutdoor.com\/uy\/categoria-producto\/kamados\/\">accesorios para Kamado<\/a>.<\/p>\n<p><strong>Mir\u00e1 c\u00f3mo se usa en esta <a href=\"https:\/\/www.instagram.com\/domooutdoor.uy\/reel\/DIG5DujAUiq\/\" target=\"_blank\" rel=\"noopener noreferrer\">demostraci\u00f3n real en Instagram<\/a>.<\/strong><\/p>\n<p><img decoding=\"async\" src=\"https:\/\/domooutdoor.com\/uy\/wp-content\/uploads\/sites\/2\/2024\/05\/01-30.jpg\" alt=\"Difusor de calor para Kamado DOMO en cocci\u00f3n indirecta\" \/><\/p>\n","protected":false},"excerpt":{"rendered":"<p>El difusor de calor b\u00e1sicamente transforma su Kamado permitiendole realizar cocciones a fuego indirecto por tiempos prolongados sin quemar ni secar sus alimentos, adem\u00e1s de su funci\u00f3n para ahumar.<br \/>\nEsta placa se coloca entre la parrilla y el carb\u00f3n, transformando la manera de cocci\u00f3n a convecci\u00f3n.<\/p>\n<p>&nbsp;<\/p>\n","protected":false},"featured_media":1262,"comment_status":"open","ping_status":"closed","template":"","meta":[],"product_brand":[],"product_cat":[102,95],"product_tag":[],"class_list":{"0":"post-119","1":"product","2":"type-product","3":"status-publish","4":"has-post-thumbnail","6":"product_cat-accesorios-kamados","7":"product_cat-smoker-and-grill","8":"tm-no-options","10":"first","11":"instock","12":"taxable","13":"shipping-taxable","14":"purchasable","15":"product-type-variable"},"aioseo_notices":[],"_links":{"self":[{"href":"https:\/\/domooutdoor.com\/uy\/wp-json\/wp\/v2\/product\/119","targetHints":{"allow":["GET"]}}],"collection":[{"href":"https:\/\/domooutdoor.com\/uy\/wp-json\/wp\/v2\/product"}],"about":[{"href":"https:\/\/domooutdoor.com\/uy\/wp-json\/wp\/v2\/types\/product"}],"replies":[{"embeddable":true,"href":"https:\/\/domooutdoor.com\/uy\/wp-json\/wp\/v2\/comments?post=119"}],"wp:featuredmedia":[{"embeddable":true,"href":"https:\/\/domooutdoor.com\/uy\/wp-json\/wp\/v2\/media\/1262"}],"wp:attachment":[{"href":"https:\/\/domooutdoor.com\/uy\/wp-json\/wp\/v2\/media?parent=119"}],"wp:term":[{"taxonomy":"product_brand","embeddable":true,"href":"https:\/\/domooutdoor.com\/uy\/wp-json\/wp\/v2\/product_brand?post=119"},{"taxonomy":"product_cat","embeddable":true,"href":"https:\/\/domooutdoor.com\/uy\/wp-json\/wp\/v2\/product_cat?post=119"},{"taxonomy":"product_tag","embeddable":true,"href":"https:\/\/domooutdoor.com\/uy\/wp-json\/wp\/v2\/product_tag?post=119"}],"curies":[{"name":"wp","href":"https:\/\/api.w.org\/{rel}","templated":true}]}}