{"id":1288,"date":"2024-06-05T23:21:44","date_gmt":"2024-06-05T21:21:44","guid":{"rendered":"https:\/\/domooutdoor.com\/uy\/?post_type=product&#038;p=1288"},"modified":"2026-04-06T20:40:18","modified_gmt":"2026-04-06T18:40:18","slug":"combo-piedra-para-pizza-36cm-con-pala","status":"publish","type":"product","link":"https:\/\/domooutdoor.com\/uy\/producto\/combo-piedra-para-pizza-36cm-con-pala\/","title":{"rendered":"Combo Piedra para Pizza 36cm con Pala"},"content":{"rendered":"<h2>Combo piedra para pizza con pala: crocante por fuera, perfecta por dentro<\/h2>\n<p>El <strong>combo piedra para pizza con pala<\/strong> DOMO es la herramienta esencial para lograr pizzas caseras con calidad profesional. Incluye una piedra refractaria de 36cm de di\u00e1metro que absorbe y distribuye el calor uniformemente, logrando una base crocante y bien cocida.<\/p>\n<p><strong>Adem\u00e1s<\/strong>, viene con una pala de acero inoxidable que te permite manipular la pizza f\u00e1cilmente, tanto al ingresar como al retirar del horno. <strong>Tambi\u00e9n<\/strong> es apto para hornos convencionales, hornos a gas, el\u00e9ctricos, kamados o parrillas.<\/p>\n<h3>\u00bfPor qu\u00e9 elegir este combo piedra para pizza con pala?<\/h3>\n<p><strong>En primer lugar<\/strong>, porque con pocos elementos logr\u00e1s resultados incre\u00edbles a un precio muy bajo. <strong>Por eso<\/strong>, es ideal para quienes est\u00e1n empezando o buscan un set completo. <strong>En otras palabras<\/strong>, convierte tu cocina en una pizzer\u00eda.<\/p>\n<ul>\n<li>\ud83e\uddf1 Piedra refractaria de 36cm<\/li>\n<li>\ud83c\udf32 Pala de acero inoxidable facil de guardar<\/li>\n<li>\ud83d\udd25 Apto para hornos y parrillas<\/li>\n<li>\ud83c\udf55 Mejora la cocci\u00f3n y textura de tus pizzas<\/li>\n<\/ul>\n<h3>Complet\u00e1 tu experiencia pizzera DOMO<\/h3>\n<p>Este <strong>combo piedra para pizza con pala<\/strong> se combina perfectamente con nuestros <a href=\"https:\/\/domooutdoor.com\/uy\/categoria-producto\/pizza-world\/\">hornos para pizza, cortadores y tablas<\/a>, o pod\u00e9s usarlo junto a un <a href=\"https:\/\/domooutdoor.com\/uy\/categoria-producto\/smoker-and-grill\/kamado\/\">Kamado Domo<\/a> para una cocci\u00f3n al fuego m\u00e1s intensa.<\/p>\n<p><strong>Mir\u00e1 c\u00f3mo usar este combo en esta <a href=\"https:\/\/www.instagram.com\/domooutdoor.uy\/reel\/DHjKqeiJXQW\/\" target=\"_blank\" rel=\"noopener noreferrer\">demostraci\u00f3n real en Instagram<\/a>.<\/strong><\/p>\n<p><img decoding=\"async\" src=\"https:\/\/domooutdoor.com\/uy\/wp-content\/uploads\/sites\/2\/2024\/06\/Combo-Pizzero-1080x1080-1.jpg\" alt=\"Combo piedra para pizza con pala DOMO 41,5 cm\" \/><\/p>\n","protected":false},"excerpt":{"rendered":"<p>\u2022 Ideal para hacer pizza tanto en el horno como en la parrilla.<br \/>\n\u2022 Su cer\u00e1mica porosa est\u00e1 dise\u00f1ada para absorber la humedad de tu pizza para una masa m\u00e1s crujiente.<br \/>\n\u2022 Nuestro cordierita de choque t\u00e9rmico patentado est\u00e1 dise\u00f1ado para soportar hasta 1482\u00b0C para cocinar con tranquilidad, ya que nuestra piedra no se romper\u00e1 debido a los cambios de temperatura.<\/p>\n<p>La pala est\u00e1 dise\u00f1ada con un borde biselado que permite deslizarse f\u00e1cilmente debajo de las cortezas de panes o pizzas para quitarlos de las piedras refractarias o sartenes. Incluso puede servir la pizza directamente en la pala para no tener que ensuciar otra cosa.<br \/>\nEs de acero inoxidable con mango de madera retraible para ocupar menos espacio en su almacenamiento.<\/p>\n<p>Medidas 30x35cm largo: 65cm<\/p>\n","protected":false},"featured_media":2539,"comment_status":"open","ping_status":"closed","template":"","meta":[],"product_brand":[],"product_cat":[112,97,111],"product_tag":[],"class_list":{"0":"post-1288","1":"product","2":"type-product","3":"status-publish","4":"has-post-thumbnail","6":"product_cat-palas","7":"product_cat-pizza-world","8":"product_cat-refractarias","9":"product_shipping_class-hasta-10kg","10":"tm-no-options","12":"first","13":"outofstock","14":"sale","15":"taxable","16":"shipping-taxable","17":"purchasable","18":"product-type-simple"},"aioseo_notices":[],"_links":{"self":[{"href":"https:\/\/domooutdoor.com\/uy\/wp-json\/wp\/v2\/product\/1288","targetHints":{"allow":["GET"]}}],"collection":[{"href":"https:\/\/domooutdoor.com\/uy\/wp-json\/wp\/v2\/product"}],"about":[{"href":"https:\/\/domooutdoor.com\/uy\/wp-json\/wp\/v2\/types\/product"}],"replies":[{"embeddable":true,"href":"https:\/\/domooutdoor.com\/uy\/wp-json\/wp\/v2\/comments?post=1288"}],"wp:featuredmedia":[{"embeddable":true,"href":"https:\/\/domooutdoor.com\/uy\/wp-json\/wp\/v2\/media\/2539"}],"wp:attachment":[{"href":"https:\/\/domooutdoor.com\/uy\/wp-json\/wp\/v2\/media?parent=1288"}],"wp:term":[{"taxonomy":"product_brand","embeddable":true,"href":"https:\/\/domooutdoor.com\/uy\/wp-json\/wp\/v2\/product_brand?post=1288"},{"taxonomy":"product_cat","embeddable":true,"href":"https:\/\/domooutdoor.com\/uy\/wp-json\/wp\/v2\/product_cat?post=1288"},{"taxonomy":"product_tag","embeddable":true,"href":"https:\/\/domooutdoor.com\/uy\/wp-json\/wp\/v2\/product_tag?post=1288"}],"curies":[{"name":"wp","href":"https:\/\/api.w.org\/{rel}","templated":true}]}}