{"id":1496,"date":"2024-08-20T17:40:27","date_gmt":"2024-08-20T15:40:27","guid":{"rendered":"https:\/\/domooutdoor.com\/uy\/?post_type=product&#038;p=1496"},"modified":"2026-02-06T19:53:55","modified_gmt":"2026-02-06T18:53:55","slug":"parrillero-de-piso-a-lena-flexible-plancha-estaca-domo","status":"publish","type":"product","link":"https:\/\/domooutdoor.com\/uy\/producto\/parrillero-de-piso-a-lena-flexible-plancha-estaca-domo\/","title":{"rendered":"Parrillero De Piso A Le\u00f1a Flexible Plancha Estaca Domo"},"content":{"rendered":"<h2>Parrillero de piso a le\u00f1a DOMO: cocin\u00e1 donde quieras, como un maestro<\/h2>\n<p>El <strong>parrillero de piso a le\u00f1a<\/strong> flexible DOMO es una soluci\u00f3n port\u00e1til y vers\u00e1til para cocinar al fuego en cualquier espacio al aire libre. Incluye plancha, estaca giratoria y estructura modular que te permite asar, dorar, saltear o colgar cortes, verduras y m\u00e1s sobre las brasas.<\/p>\n<p><strong>Adem\u00e1s<\/strong>, est\u00e1 fabricado en acero de alta resistencia y cuenta con patas desmontables para facilitar el transporte. <strong>Tambi\u00e9n<\/strong> incluye una plancha gruesa de cocci\u00f3n y una estaca ajustable.<\/p>\n<h3>\u00bfPor qu\u00e9 elegir el parrillero de piso a le\u00f1a DOMO?<\/h3>\n<p><strong>En primer lugar<\/strong>, porque transforma cualquier lugar en una parrilla completa. <strong>Por eso<\/strong>, es ideal para quienes disfrutan cocinar al aire libre con libertad. <strong>En otras palabras<\/strong>, es una parrilla de aventura con alma profesional.<\/p>\n<ul>\n<li>\ud83d\udd25 Funciona con le\u00f1a<\/li>\n<li>\ud83e\udeb5 Parrilla + Plancha de hierro + estaca para cortes enteros<\/li>\n<li>\ud83e\uddf3 Estructura desmontable, f\u00e1cil de transportar<\/li>\n<li>\ud83c\udfd5\ufe0f Ideal para camping, playa, campo o jard\u00edn<\/li>\n<\/ul>\n<h3>Combin\u00e1 tu parrillero con accesorios Domo<\/h3>\n<p>S\u00famale a este <strong>parrillero de piso a le\u00f1a<\/strong> nuestros <a href=\"https:\/\/domooutdoor.com\/uy\/categoria-producto\/smoker-and-grill\/accesorios-parrilla\/\">accesorios para fuego y parrilla<\/a>.<\/p>\n<p><strong>Mir\u00e1 c\u00f3mo se usa este parrillero en esta <a href=\"https:\/\/www.instagram.com\/reel\/DBFQ7smpyM6\/&quot;noopener\">demostraci\u00f3n real de cocina a fuego en Instagram<\/a>.<\/strong><\/p>\n<p><img decoding=\"async\" src=\"https:\/\/domooutdoor.com\/wp-content\/uploads\/2024\/03\/parrillero-piso-lena-domo.jpg\" alt=\"Parrillero de piso a le\u00f1a con plancha y estaca DOMO port\u00e1til\" \/><\/p>\n","protected":false},"excerpt":{"rendered":"<p>El Parrillero de Piso a Le\u00f1a Flexible Plancha Estaca Domo es el complemento perfecto para tus reuniones al aire libre. Con su dise\u00f1o vers\u00e1til, podr\u00e1s cocinar a la parrilla, en plancha o con estaca, adapt\u00e1ndose a tus preferencias culinarias. Fabricado por la reconocida marca Domo, garantiza calidad y durabilidad en cada uso. 1 metro de di\u00e1metro para hacer grandes asados.<\/p>\n","protected":false},"featured_media":2331,"comment_status":"open","ping_status":"closed","template":"","meta":[],"product_brand":[],"product_cat":[95,101],"product_tag":[],"class_list":{"0":"post-1496","1":"product","2":"type-product","3":"status-publish","4":"has-post-thumbnail","6":"product_cat-smoker-and-grill","7":"product_cat-kamado","8":"tm-no-options","10":"first","11":"instock","12":"sale","13":"taxable","14":"shipping-taxable","15":"purchasable","16":"product-type-simple"},"aioseo_notices":[],"_links":{"self":[{"href":"https:\/\/domooutdoor.com\/uy\/wp-json\/wp\/v2\/product\/1496","targetHints":{"allow":["GET"]}}],"collection":[{"href":"https:\/\/domooutdoor.com\/uy\/wp-json\/wp\/v2\/product"}],"about":[{"href":"https:\/\/domooutdoor.com\/uy\/wp-json\/wp\/v2\/types\/product"}],"replies":[{"embeddable":true,"href":"https:\/\/domooutdoor.com\/uy\/wp-json\/wp\/v2\/comments?post=1496"}],"wp:featuredmedia":[{"embeddable":true,"href":"https:\/\/domooutdoor.com\/uy\/wp-json\/wp\/v2\/media\/2331"}],"wp:attachment":[{"href":"https:\/\/domooutdoor.com\/uy\/wp-json\/wp\/v2\/media?parent=1496"}],"wp:term":[{"taxonomy":"product_brand","embeddable":true,"href":"https:\/\/domooutdoor.com\/uy\/wp-json\/wp\/v2\/product_brand?post=1496"},{"taxonomy":"product_cat","embeddable":true,"href":"https:\/\/domooutdoor.com\/uy\/wp-json\/wp\/v2\/product_cat?post=1496"},{"taxonomy":"product_tag","embeddable":true,"href":"https:\/\/domooutdoor.com\/uy\/wp-json\/wp\/v2\/product_tag?post=1496"}],"curies":[{"name":"wp","href":"https:\/\/api.w.org\/{rel}","templated":true}]}}