{"id":1627,"date":"2024-09-23T21:41:04","date_gmt":"2024-09-23T19:41:04","guid":{"rendered":"https:\/\/domooutdoor.com\/uy\/?post_type=product&#038;p=1627"},"modified":"2026-03-23T15:10:36","modified_gmt":"2026-03-23T14:10:36","slug":"termo-stanley-adventure-to-go-1l","status":"publish","type":"product","link":"https:\/\/domooutdoor.com\/uy\/producto\/termo-stanley-adventure-to-go-1l\/","title":{"rendered":"Termo Stanley Adventure To Go 0,75l"},"content":{"rendered":"","protected":false},"excerpt":{"rendered":"<p>Ll\u00e9valo al trabajo, ll\u00e9valo de vacaciones, a tu lugar secreto para surfear, ll\u00e9valo a donde quiera que vayas. La botella Adventure To-Go es perfecta para llevar tus bebidas calientes o fr\u00edas favoritas, manteni\u00e9ndolas a la temperatura ideal durante horas. F\u00e1cil de empacar o llevar gracias a su dise\u00f1o moderno y aerodin\u00e1mico, es a prueba de fugas y confiable, dado el rendimiento legendario de Stanley. La tapa aislante tambi\u00e9n es un vaso de f\u00e1cil sorbo, y el tap\u00f3n de vertido permite un servicio suave.<\/p>\n<p><strong>Serie Adventure To-Go:<\/strong><br \/>\nAcero inoxidable 18\/8, libre de BPA<br \/>\nAislamiento al vac\u00edo de doble pared<br \/>\nTap\u00f3n de vertido para un flujo controlado<br \/>\nTapa aislante que tambi\u00e9n sirve como vaso<br \/>\nA prueba de fugas y f\u00e1cil de empacar<\/p>\n","protected":false},"featured_media":1629,"comment_status":"open","ping_status":"closed","template":"","meta":[],"product_brand":[],"product_cat":[128],"product_tag":[],"class_list":{"0":"post-1627","1":"product","2":"type-product","3":"status-publish","4":"has-post-thumbnail","6":"product_cat-stanley","7":"product_shipping_class-hasta-2kg","8":"tm-no-options","10":"first","11":"outofstock","12":"taxable","13":"shipping-taxable","14":"purchasable","15":"product-type-variable"},"aioseo_notices":[],"_links":{"self":[{"href":"https:\/\/domooutdoor.com\/uy\/wp-json\/wp\/v2\/product\/1627","targetHints":{"allow":["GET"]}}],"collection":[{"href":"https:\/\/domooutdoor.com\/uy\/wp-json\/wp\/v2\/product"}],"about":[{"href":"https:\/\/domooutdoor.com\/uy\/wp-json\/wp\/v2\/types\/product"}],"replies":[{"embeddable":true,"href":"https:\/\/domooutdoor.com\/uy\/wp-json\/wp\/v2\/comments?post=1627"}],"wp:featuredmedia":[{"embeddable":true,"href":"https:\/\/domooutdoor.com\/uy\/wp-json\/wp\/v2\/media\/1629"}],"wp:attachment":[{"href":"https:\/\/domooutdoor.com\/uy\/wp-json\/wp\/v2\/media?parent=1627"}],"wp:term":[{"taxonomy":"product_brand","embeddable":true,"href":"https:\/\/domooutdoor.com\/uy\/wp-json\/wp\/v2\/product_brand?post=1627"},{"taxonomy":"product_cat","embeddable":true,"href":"https:\/\/domooutdoor.com\/uy\/wp-json\/wp\/v2\/product_cat?post=1627"},{"taxonomy":"product_tag","embeddable":true,"href":"https:\/\/domooutdoor.com\/uy\/wp-json\/wp\/v2\/product_tag?post=1627"}],"curies":[{"name":"wp","href":"https:\/\/api.w.org\/{rel}","templated":true}]}}