{"id":1643,"date":"2024-09-23T22:03:30","date_gmt":"2024-09-23T20:03:30","guid":{"rendered":"https:\/\/domooutdoor.com\/uy\/?post_type=product&#038;p=1643"},"modified":"2026-03-23T15:09:57","modified_gmt":"2026-03-23T14:09:57","slug":"termo-stanley-classic-12l-mate-system","status":"publish","type":"product","link":"https:\/\/domooutdoor.com\/uy\/producto\/termo-stanley-classic-12l-mate-system\/","title":{"rendered":"Termo Stanley Classic 1,2l Mate System"},"content":{"rendered":"","protected":false},"excerpt":{"rendered":"<p>El compa\u00f1ero ideal para disfrutar del mate en cualquier situaci\u00f3n. Con tecnolog\u00eda exclusiva, este termo cuenta con un tap\u00f3n de alt\u00edsima precisi\u00f3n que permite una cebada perfecta con flujo continuo de agua en el lugar correcto. El tap\u00f3n tiene la pendiente ideal para verter el agua directamente en el punto que desees. Adem\u00e1s, la tapa de acero inoxidable se convierte en mate para que puedas disfrutar de tu mate en cualquier lugar. El Termo Mate Stanley Classic 1.2 lts mantiene tu agua a la temperatura ideal, por lo que pod\u00e9s disfrutar de tu mate caliente o fr\u00edo durante horas. Este termo est\u00e1 dise\u00f1ado con la calidad y durabilidad que se espera de Stanley, lo que significa que puede durar muchos a\u00f1os de uso intenso y de disfrute, ya sea solo o acompa\u00f1ado. No lo pienses m\u00e1s y obt\u00e9n el Termo Mate Stanley Classic 1.2 lts para hacer que tu experiencia de mate sea a\u00fan m\u00e1s especial.<\/p>\n","protected":false},"featured_media":1604,"comment_status":"open","ping_status":"closed","template":"","meta":[],"product_brand":[],"product_cat":[128],"product_tag":[],"class_list":{"0":"post-1643","1":"product","2":"type-product","3":"status-publish","4":"has-post-thumbnail","6":"product_cat-stanley","7":"product_shipping_class-hasta-2kg","8":"tm-no-options","10":"first","11":"instock","12":"taxable","13":"shipping-taxable","14":"purchasable","15":"product-type-variable"},"aioseo_notices":[],"_links":{"self":[{"href":"https:\/\/domooutdoor.com\/uy\/wp-json\/wp\/v2\/product\/1643","targetHints":{"allow":["GET"]}}],"collection":[{"href":"https:\/\/domooutdoor.com\/uy\/wp-json\/wp\/v2\/product"}],"about":[{"href":"https:\/\/domooutdoor.com\/uy\/wp-json\/wp\/v2\/types\/product"}],"replies":[{"embeddable":true,"href":"https:\/\/domooutdoor.com\/uy\/wp-json\/wp\/v2\/comments?post=1643"}],"wp:featuredmedia":[{"embeddable":true,"href":"https:\/\/domooutdoor.com\/uy\/wp-json\/wp\/v2\/media\/1604"}],"wp:attachment":[{"href":"https:\/\/domooutdoor.com\/uy\/wp-json\/wp\/v2\/media?parent=1643"}],"wp:term":[{"taxonomy":"product_brand","embeddable":true,"href":"https:\/\/domooutdoor.com\/uy\/wp-json\/wp\/v2\/product_brand?post=1643"},{"taxonomy":"product_cat","embeddable":true,"href":"https:\/\/domooutdoor.com\/uy\/wp-json\/wp\/v2\/product_cat?post=1643"},{"taxonomy":"product_tag","embeddable":true,"href":"https:\/\/domooutdoor.com\/uy\/wp-json\/wp\/v2\/product_tag?post=1643"}],"curies":[{"name":"wp","href":"https:\/\/api.w.org\/{rel}","templated":true}]}}