{"id":1666,"date":"2024-09-26T23:51:51","date_gmt":"2024-09-26T21:51:51","guid":{"rendered":"https:\/\/domooutdoor.com\/uy\/?post_type=product&#038;p=1666"},"modified":"2026-03-23T15:09:37","modified_gmt":"2026-03-23T14:09:37","slug":"vaso-jarra-stanley-quencher-30-oz","status":"publish","type":"product","link":"https:\/\/domooutdoor.com\/uy\/producto\/vaso-jarra-stanley-quencher-30-oz\/","title":{"rendered":"Vaso Jarra Stanley Quencher 30 Oz"},"content":{"rendered":"<h2>Vaso Stanley Quencher 30 oz: hidrataci\u00f3n elegante, fr\u00eda y duradera<\/h2>\n<p>El <strong>vaso Stanley Quencher 30 oz<\/strong> es ideal para quienes buscan mantener sus bebidas fr\u00edas por horas, sin sacrificar estilo ni comodidad. Con su dise\u00f1o ic\u00f3nico y moderno, es perfecto para usar en casa, en el auto o en movimiento.<\/p>\n<p><strong>Adem\u00e1s<\/strong>, cuenta con aislamiento al vac\u00edo de doble pared que mantiene el fr\u00edo hasta 11 horas. <strong>Tambi\u00e9n<\/strong>, su tapa giratoria 3 en 1 permite beber con sorbete, directamente o cerrar completamente, adapt\u00e1ndose a cualquier situaci\u00f3n.<\/p>\n<h3>\u00bfPor qu\u00e9 elegir el vaso Stanley Quencher 30 oz?<\/h3>\n<p><strong>En primer lugar<\/strong>, porque es funcional y est\u00e9tico al mismo tiempo. <strong>Por eso<\/strong>, se convirti\u00f3 en un cl\u00e1sico moderno, elegido por miles de personas en todo el mundo. <strong>En otras palabras<\/strong>, es m\u00e1s que un vaso: es parte de tu rutina.<\/p>\n<ul>\n<li>\ud83e\udd64 Capacidad: 30 oz (887\u202fml)<\/li>\n<li>\u2744\ufe0f Fr\u00edo hasta 11 h \/ hielo hasta 2 d\u00edas<\/li>\n<li>\ud83e\uddca Aislamiento al vac\u00edo de doble pared<\/li>\n<li>\ud83d\ude97 Base angosta apta para portavasos de auto<\/li>\n<\/ul>\n<h3>Combin\u00e1 tu vaso Quencher con otros productos Stanley<\/h3>\n<p>Pod\u00e9s usar tu <strong>vaso Stanley Quencher 30 oz<\/strong> con nuestras <a href=\"https:\/\/domooutdoor.com\/uy\/categoria-producto\/outdoor\/\">conservadoras y termos Stanley<\/a> o llevarlo a cualquier salida con un <a href=\"https:\/\/domooutdoor.com\/uy\/categoria-producto\/smoker-and-grill\/kamado\/\">Kamado Domo<\/a> para mantenerte hidratado durante toda la jornada.<\/p>\n<p><strong>Mir\u00e1 c\u00f3mo se usa este vaso en esta <a href=\"https:\/\/www.instagram.com\/reel\/C3QuencherDemo\/\" target=\"_blank\" rel=\"noopener noreferrer\">demostraci\u00f3n real en Instagram<\/a>.<\/strong><\/p>\n<p><img decoding=\"async\" src=\"https:\/\/domooutdoor.com\/wp-content\/uploads\/2024\/03\/vaso-jarra-stanley-quencher-30oz.jpg\" alt=\"Vaso Stanley Quencher 30 oz con sorbete original\" \/><\/p>\n","protected":false},"excerpt":{"rendered":"<p>&#8211; 90% de acero inoxidable 18\/8 reciclado, libre de BPA<br \/>\n&#8211; Icono de acero inoxidable reciclado dentro del vaso indica que tu Quencher est\u00e1 hecho de materiales sostenibles<br \/>\n&#8211; Aislamiento al vac\u00edo de doble pared<br \/>\n&#8211; Tapa de rosca FlowState\u2122 con 3 posiciones<br \/>\n&#8211; Sorbete reutilizable<br \/>\n&#8211; Mango c\u00f3modo<br \/>\n&#8211; Compatible con portavasos de coche (di\u00e1metro de la base: 3.15 pulgadas)<br \/>\n&#8211; Apto para lavavajillas<\/p>\n","protected":false},"featured_media":1673,"comment_status":"open","ping_status":"closed","template":"","meta":[],"product_brand":[],"product_cat":[128],"product_tag":[],"class_list":{"0":"post-1666","1":"product","2":"type-product","3":"status-publish","4":"has-post-thumbnail","6":"product_cat-stanley","7":"product_shipping_class-hasta-5kg","8":"tm-no-options","10":"first","11":"instock","12":"taxable","13":"shipping-taxable","14":"purchasable","15":"product-type-variable"},"aioseo_notices":[],"_links":{"self":[{"href":"https:\/\/domooutdoor.com\/uy\/wp-json\/wp\/v2\/product\/1666","targetHints":{"allow":["GET"]}}],"collection":[{"href":"https:\/\/domooutdoor.com\/uy\/wp-json\/wp\/v2\/product"}],"about":[{"href":"https:\/\/domooutdoor.com\/uy\/wp-json\/wp\/v2\/types\/product"}],"replies":[{"embeddable":true,"href":"https:\/\/domooutdoor.com\/uy\/wp-json\/wp\/v2\/comments?post=1666"}],"wp:featuredmedia":[{"embeddable":true,"href":"https:\/\/domooutdoor.com\/uy\/wp-json\/wp\/v2\/media\/1673"}],"wp:attachment":[{"href":"https:\/\/domooutdoor.com\/uy\/wp-json\/wp\/v2\/media?parent=1666"}],"wp:term":[{"taxonomy":"product_brand","embeddable":true,"href":"https:\/\/domooutdoor.com\/uy\/wp-json\/wp\/v2\/product_brand?post=1666"},{"taxonomy":"product_cat","embeddable":true,"href":"https:\/\/domooutdoor.com\/uy\/wp-json\/wp\/v2\/product_cat?post=1666"},{"taxonomy":"product_tag","embeddable":true,"href":"https:\/\/domooutdoor.com\/uy\/wp-json\/wp\/v2\/product_tag?post=1666"}],"curies":[{"name":"wp","href":"https:\/\/api.w.org\/{rel}","templated":true}]}}