{"id":170,"date":"2024-05-21T17:51:48","date_gmt":"2024-05-21T15:51:48","guid":{"rendered":"https:\/\/domooutdoor.com\/uy\/?post_type=product&#038;p=170"},"modified":"2026-03-23T15:19:53","modified_gmt":"2026-03-23T14:19:53","slug":"elevador-de-parrilla","status":"publish","type":"product","link":"https:\/\/domooutdoor.com\/uy\/producto\/elevador-de-parrilla\/","title":{"rendered":"Elevador de Parrilla"},"content":{"rendered":"<h2>Elevador de Parrilla para Kamado: duplica la capacidad de tu Kamado<\/h2>\n<p>El <strong>elevador de parrilla Domo<\/strong> es el accesorio perfecto para sumar una altura de cocci\u00f3n en tus asados. Fabricado en acero resistente y dise\u00f1ado para brindarte <strong>m\u00e1xima capacidad de cocci\u00f3n<\/strong>, permite a su vez tener una distancia mas alejada de las brasas y de esta manera tener una temperatura mas baja y cocinar alimentos de manera mas lenta. A su vez es perfecto para calentar panes, hacer verduras o dejar la carne que ya esta lista y no pierda temperatura antes de ser servida.<\/p>\n<p><strong>Adem\u00e1s<\/strong>, su estructura firme garantiza estabilidad incluso con cortes pesados. <strong>Tambi\u00e9n<\/strong> es f\u00e1cil de instalar y compatible con parrillas o kamados.<\/p>\n<h3>\u00bfPor qu\u00e9 elegir el elevador de parrilla para Kamado?<\/h3>\n<p><strong>En primer lugar<\/strong>, porque te permite cocinar con precisi\u00f3n sin mover las brasas. <strong>Por eso<\/strong>, es ideal para lograr el punto justo en asados, verduras o pescados. <strong>En otras palabras<\/strong>, llev\u00e1 tu t\u00e9cnica parrillera a otro nivel.<\/p>\n<ul>\n<li>\u2b06\ufe0f Duplica la capacidad de cocci\u00f3n<\/li>\n<li>\ud83d\udcaa Estructura de acero inoxidable<\/li>\n<li>\ud83d\udd25 Ideal para reposar carnes y no perder temperatira<\/li>\n<li>\ud83d\udee0\ufe0f F\u00e1cil de colocar y usar<\/li>\n<\/ul>\n<h3>Complet\u00e1 tu estaci\u00f3n de fuego con DOMO<\/h3>\n<p>Este <strong>elevador de parrilla para tu kamado<\/strong> se combina perfectamente con nuestros <a href=\"https:\/\/domooutdoor.com\/uy\/categoria-producto\/smoker-and-grill\/accesorios-kamados\/\">accesorios para Kamado<\/a>.<\/p>\n<p><strong>Descubrilo en acci\u00f3n en esta <a href=\"https:\/\/www.instagram.com\/domooutdoor.uy\/reel\/DEN-zsRyJUg\/\" target=\"_blank\" rel=\"noopener noreferrer\">demostraci\u00f3n real en Instagram<\/a>.<\/strong><\/p>\n<p><img decoding=\"async\" src=\"https:\/\/domooutdoor.com\/uy\/wp-content\/uploads\/sites\/2\/2024\/05\/01-31.jpg\" alt=\"Elevador de parrilla DOMO con altura regulable para fuego y asado\" \/><\/p>\n","protected":false},"excerpt":{"rendered":"<p>El elevador de parrilla se coloca justo encima de la parrilla existente para casi duplicar el \u00e1rea de la superficie de cocci\u00f3n.<br \/>\nEste accesorio le permite asar casi el doble en la misma cantidad de tiempo.<\/p>\n","protected":false},"featured_media":1266,"comment_status":"open","ping_status":"closed","template":"","meta":[],"product_brand":[],"product_cat":[95,102],"product_tag":[],"class_list":{"0":"post-170","1":"product","2":"type-product","3":"status-publish","4":"has-post-thumbnail","6":"product_cat-smoker-and-grill","7":"product_cat-accesorios-kamados","8":"product_shipping_class-hasta-5kg","9":"tm-no-options","11":"first","12":"instock","13":"taxable","14":"shipping-taxable","15":"purchasable","16":"product-type-variable"},"aioseo_notices":[],"_links":{"self":[{"href":"https:\/\/domooutdoor.com\/uy\/wp-json\/wp\/v2\/product\/170","targetHints":{"allow":["GET"]}}],"collection":[{"href":"https:\/\/domooutdoor.com\/uy\/wp-json\/wp\/v2\/product"}],"about":[{"href":"https:\/\/domooutdoor.com\/uy\/wp-json\/wp\/v2\/types\/product"}],"replies":[{"embeddable":true,"href":"https:\/\/domooutdoor.com\/uy\/wp-json\/wp\/v2\/comments?post=170"}],"wp:featuredmedia":[{"embeddable":true,"href":"https:\/\/domooutdoor.com\/uy\/wp-json\/wp\/v2\/media\/1266"}],"wp:attachment":[{"href":"https:\/\/domooutdoor.com\/uy\/wp-json\/wp\/v2\/media?parent=170"}],"wp:term":[{"taxonomy":"product_brand","embeddable":true,"href":"https:\/\/domooutdoor.com\/uy\/wp-json\/wp\/v2\/product_brand?post=170"},{"taxonomy":"product_cat","embeddable":true,"href":"https:\/\/domooutdoor.com\/uy\/wp-json\/wp\/v2\/product_cat?post=170"},{"taxonomy":"product_tag","embeddable":true,"href":"https:\/\/domooutdoor.com\/uy\/wp-json\/wp\/v2\/product_tag?post=170"}],"curies":[{"name":"wp","href":"https:\/\/api.w.org\/{rel}","templated":true}]}}