{"id":174,"date":"2024-05-21T17:51:48","date_gmt":"2024-05-21T15:51:48","guid":{"rendered":"https:\/\/domooutdoor.com\/uy\/?post_type=product&#038;p=174"},"modified":"2026-03-23T15:20:12","modified_gmt":"2026-03-23T14:20:12","slug":"kamado-domo-16","status":"publish","type":"product","link":"https:\/\/domooutdoor.com\/uy\/producto\/kamado-domo-16\/","title":{"rendered":"Kamado Domo 16&#8243;"},"content":{"rendered":"<h2>Kamado Domo 16&#8243;: el primer paso para adentrarte a este mundo<\/h2>\n<p>El Kamado Domo 16&#8243; es la elecci\u00f3n ideal para quienes buscan versatilidad, eficiencia t\u00e9rmica y un dise\u00f1o robusto. Este modelo Small es un excelente tama\u00f1o compacto para cocinar para 4 a 6 personas.<\/p>\n<p><strong>Adem\u00e1s<\/strong>, su estructura cer\u00e1mica de alta densidad retiene el calor como ning\u00fan otro equipo, permitiendo asar, ahumar, hornear o grillar con un control total de temperatura. <strong>Tambi\u00e9n<\/strong> es altamente eficiente: consume menos carb\u00f3n y mantiene la brasa encendida por horas.<\/p>\n<h3>\u00bfPor qu\u00e9 elegir el Kamado Domo 16&#8243;?<\/h3>\n<p><strong>En primer lugar<\/strong>, porque pod\u00e9s cocinar una parrillada sin necesidad de tener un gran espacio para hacerla. <strong>Por eso<\/strong>, es uno de los modelos m\u00e1s recomendados tanto para principiantes. <strong>En otras palabras<\/strong>, es un asador de alto nivel con resultados gourmet. Incluye divisor de cocci\u00f3n: accesorio con el que tu Kamado queda completo y puedes explorar todas sus funcionalidades. Tambi\u00e9n incluye funda protectora de polvo y lluvia y atizador.<\/p>\n<ul>\n<li>\ud83c\udf57 Capacidad: hasta 6 comensales<\/li>\n<li>\ud83d\udd25 Temperatura controlada desde 90\u202f\u00b0C hasta 400\u202f\u00b0C<\/li>\n<li>\ud83d\udca8 Ventilaci\u00f3n inferior y superior ajustable<\/li>\n<li>\ud83e\uddf1 Cuerpo cer\u00e1mico de doble pared<\/li>\n<\/ul>\n<h3>Complet\u00e1 tu estaci\u00f3n de fuego con Domo<\/h3>\n<p>Este <strong>Kamado Domo 16&#8243;<\/strong>\u00a0se complementa con nuestros <a href=\"https:\/\/domooutdoor.com\/uy\/categoria-producto\/smoker-and-grill\/accesorios-kamados\/\">accesorios premium<\/a>, <a href=\"https:\/\/domooutdoor.com\/uy\/categoria-producto\/pizza-world\/\">kits pizzaiolos<\/a> y <a href=\"https:\/\/domooutdoor.com\/uy\/categoria-producto\/smoker-and-grill\/consumibles\/\">carbones especiales<\/a>.<\/p>\n<p><strong>Mir\u00e1 el Kamado 16\u201d en acci\u00f3n en esta <a href=\"https:\/\/www.instagram.com\/domooutdoor.uy\/reel\/C9IWMkWJHV8\/\" target=\"_blank\" rel=\"noopener noreferrer\">demostraci\u00f3n real en Instagram<\/a>.<\/strong><\/p>\n<h2>Accesorios que incluye:<\/h2>\n<h3>Difusor de Calor para Kamado: cocci\u00f3n indirecta perfecta<\/h3>\n<p>El <strong>difusor de calor para Kamado Domo<\/strong> es el accesorio esencial para lograr una cocci\u00f3n indirecta, lenta y uniforme. Gracias a su dise\u00f1o de cer\u00e1mica refractaria, distribuye el calor de forma pareja y evita el contacto directo de las llamas con los alimentos. Con este accesorio tu Kamado distribuye el calor por convecci\u00f3n, ideal para hacer ahumados y cocciones largas (mas de 4hs) conservando la jugosidad de los cortes.<\/p>\n<ul>\n<li>\ud83d\udd25 Material cer\u00e1mico refractario<\/li>\n<li>\ud83c\udf56 Ideal para ahumar, hornear y cocci\u00f3n lenta<\/li>\n<li>\ud83c\udf00 Distribuci\u00f3n uniforme del calor<\/li>\n<li>\ud83e\uddfc F\u00e1cil de colocar y limpiar<\/li>\n<\/ul>\n<p>Transforma tu Kamado en un horno de convecci\u00f3n ideal para ahumar, hornear o asar cortes grandes sin riesgo de quemarlos. <strong>Tambi\u00e9n<\/strong> ayuda a mantener la humedad y el sabor en cada preparaci\u00f3n.<\/p>\n<h3>\u00bfPor qu\u00e9 usar un difusor de calor?<\/h3>\n<p><strong>En primer lugar<\/strong>, porque ampl\u00eda las posibilidades de cocci\u00f3n. <strong>Por eso<\/strong>, es ideal para recetas que requieren tiempo y precisi\u00f3n. <strong>En otras palabras<\/strong>, te permite cocinar como un profesional desde casa.<\/p>\n<div style=\"display: flex; flex-wrap: wrap; justify-content: center; gap: 16px;\"><a href=\"https:\/\/domooutdoor.com\/uy\/wp-content\/uploads\/sites\/2\/2024\/05\/02-31.jpg&quot;\" target=\"_blank\" rel=\"noopener\"><br \/>\n<img decoding=\"async\" style=\"width: 100%; max-width: 450px; height: auto;\" src=\"https:\/\/domooutdoor.com\/uy\/wp-content\/uploads\/sites\/2\/2024\/05\/02-31.jpg\" alt=\"Divisor de cocci\u00f3n - imagen 1\" \/><br \/>\n<\/a><br \/>\n<a href=\"https:\/\/domooutdoor.com\/uy\/wp-content\/uploads\/sites\/2\/2024\/05\/02-31.jpg\" target=\"_blank\" rel=\"noopener\"><br \/>\n<img decoding=\"async\" style=\"width: 100%; max-width: 450px; height: auto;\" src=\"https:\/\/domooutdoor.com\/uy\/wp-content\/uploads\/sites\/2\/2024\/05\/02-31.jpg\" alt=\"Divisor de cocci\u00f3n - imagen 2\" \/><br \/>\n<\/a><\/div>\n<h3>Atizador para Carb\u00f3n Domo: control\u00e1 las brasas con precisi\u00f3n<\/h3>\n<p>El <strong>atizador para carb\u00f3n DOMO<\/strong> de 46,3\u202fcm es la herramienta esencial para mover y acomodar brasas calientes sin esfuerzo. Fabricado en acero resistente y con mango ergon\u00f3mico, te permite manipular el fuego con total seguridad.<\/p>\n<ul>\n<li style=\"list-style-type: none;\">\n<ul>\n<li style=\"list-style-type: none;\">\n<ul>\n<li>\ud83d\udd25 Largo total: 46,3\u202fcm<\/li>\n<li>\ud83d\udcaa Fabricado en acero resistente<\/li>\n<li>\u270b Mango ergon\u00f3mico para mejor agarre<\/li>\n<li>\ud83d\udd25 Apto para brasas, le\u00f1a y carb\u00f3n<\/li>\n<\/ul>\n<\/li>\n<\/ul>\n<\/li>\n<\/ul>\n<div style=\"display: flex; flex-wrap: wrap; justify-content: center; gap: 16px;\"><a href=\"https:\/\/domooutdoor.com\/uy\/wp-content\/uploads\/sites\/2\/2024\/05\/03-24.jpg\" target=\"_blank\" rel=\"noopener\"><br \/>\n<img decoding=\"async\" style=\"width: 100%; max-width: 450px; height: auto;\" src=\"https:\/\/domooutdoor.com\/uy\/wp-content\/uploads\/sites\/2\/2024\/05\/03-24.jpg\" alt=\"Divisor de cocci\u00f3n - imagen 1\" \/><br \/>\n<\/a><br \/>\n<a href=\"https:\/\/domooutdoor.com\/uy\/wp-content\/uploads\/sites\/2\/2024\/05\/01-27.jpg\" target=\"_blank\" rel=\"noopener\"><br \/>\n<img decoding=\"async\" style=\"width: 100%; max-width: 450px; height: auto;\" src=\"https:\/\/domooutdoor.com\/uy\/wp-content\/uploads\/sites\/2\/2024\/05\/01-27.jpg\" alt=\"Divisor de cocci\u00f3n - imagen 2\" \/><br \/>\n<\/a><\/div>\n<h3>Cobertor para Kamado Waterproof: protecci\u00f3n total todo el a\u00f1o<\/h3>\n<p>El <strong>cobertor waterproof para Kamado<\/strong> est\u00e1 dise\u00f1ado para proteger tu Kamado de la lluvia, el polvo y los rayos UV. Confeccionado en tela impermeable y resistente, se adapta perfectamente a la forma del Kamado y lo mantiene seco y limpio en todo momento.<\/p>\n<ul>\n<li style=\"list-style-type: none;\">\n<ul>\n<li style=\"list-style-type: none;\">\n<ul>\n<li style=\"list-style-type: none;\">\n<ul>\n<li>\ud83d\udee1\ufe0f Material impermeable y anti-UV<\/li>\n<li>\ud83c\udf27\ufe0f Protege de lluvia, polvo y sol<\/li>\n<li>\ud83d\udcaa Costuras reforzadas y ajuste seguro<\/li>\n<li>\ud83e\uddf3 Incluye bolsa para guardado<\/li>\n<\/ul>\n<\/li>\n<\/ul>\n<\/li>\n<\/ul>\n<\/li>\n<\/ul>\n<div style=\"display: flex; flex-wrap: wrap; justify-content: center; gap: 16px;\"><a href=\"https:\/\/domooutdoor.com\/uy\/wp-content\/uploads\/sites\/2\/2024\/05\/01-29.jpg\" target=\"_blank\" rel=\"noopener\"><br \/>\n<img decoding=\"async\" style=\"width: 100%; max-width: 450px; height: auto;\" src=\"https:\/\/domooutdoor.com\/uy\/wp-content\/uploads\/sites\/2\/2024\/05\/01-29.jpg\" \/><br \/>\n<\/a><br \/>\n<a href=\"https:\/\/domooutdoor.com\/uy\/wp-content\/uploads\/sites\/2\/2024\/05\/Cobertor-logo.jpg\" target=\"_blank\" rel=\"noopener\"><br \/>\n<img decoding=\"async\" style=\"width: 100%; max-width: 450px; height: auto;\" src=\"https:\/\/domooutdoor.com\/uy\/wp-content\/uploads\/sites\/2\/2024\/05\/Cobertor-logo.jpg\" alt=\"Divisor de cocci\u00f3n - imagen 2\" \/><br \/>\n<\/a><\/div>\n","protected":false},"excerpt":{"rendered":"<h5>Con 34 cm de parrilla tenemos otro todo terreno insuperable. Es ideal para llevar tus fines de semana y en casa te dar\u00e1 m\u00e1s opciones de cocci\u00f3n. Mesas laterales en la opci\u00f3n de acero inoxidable con carro transportador. Incluye difusor de calor, cobertor y atizador.<\/h5>\n<h5>Descripci\u00f3n:<br \/>\n\u2022 Dimensiones: 102 * 63 * 99 cm (Largo, ancho, alto)<br \/>\n\u2022 Di\u00e1metro parrilla: 34 cm<br \/>\n\u2022 Peso neto: 40 kgs<br \/>\n\u2022 Peso embaladO: 43 kgs<br \/>\n\u2022 Dimensiones embalado: 54*48*52 cm<\/h5>\n","protected":false},"featured_media":1115,"comment_status":"open","ping_status":"closed","template":"","meta":[],"product_brand":[],"product_cat":[101,95],"product_tag":[],"class_list":{"0":"post-174","1":"product","2":"type-product","3":"status-publish","4":"has-post-thumbnail","6":"product_cat-kamado","7":"product_cat-smoker-and-grill","8":"tm-has-options","10":"first","11":"outofstock","12":"taxable","13":"shipping-taxable","14":"purchasable","15":"product-type-variable"},"aioseo_notices":[],"_links":{"self":[{"href":"https:\/\/domooutdoor.com\/uy\/wp-json\/wp\/v2\/product\/174","targetHints":{"allow":["GET"]}}],"collection":[{"href":"https:\/\/domooutdoor.com\/uy\/wp-json\/wp\/v2\/product"}],"about":[{"href":"https:\/\/domooutdoor.com\/uy\/wp-json\/wp\/v2\/types\/product"}],"replies":[{"embeddable":true,"href":"https:\/\/domooutdoor.com\/uy\/wp-json\/wp\/v2\/comments?post=174"}],"wp:featuredmedia":[{"embeddable":true,"href":"https:\/\/domooutdoor.com\/uy\/wp-json\/wp\/v2\/media\/1115"}],"wp:attachment":[{"href":"https:\/\/domooutdoor.com\/uy\/wp-json\/wp\/v2\/media?parent=174"}],"wp:term":[{"taxonomy":"product_brand","embeddable":true,"href":"https:\/\/domooutdoor.com\/uy\/wp-json\/wp\/v2\/product_brand?post=174"},{"taxonomy":"product_cat","embeddable":true,"href":"https:\/\/domooutdoor.com\/uy\/wp-json\/wp\/v2\/product_cat?post=174"},{"taxonomy":"product_tag","embeddable":true,"href":"https:\/\/domooutdoor.com\/uy\/wp-json\/wp\/v2\/product_tag?post=174"}],"curies":[{"name":"wp","href":"https:\/\/api.w.org\/{rel}","templated":true}]}}