{"id":23,"date":"2024-05-21T17:51:18","date_gmt":"2024-05-21T15:51:18","guid":{"rendered":"https:\/\/domooutdoor.com\/uy\/?post_type=product&#038;p=23"},"modified":"2026-03-23T15:22:35","modified_gmt":"2026-03-23T14:22:35","slug":"kamado-domo-25","status":"publish","type":"product","link":"https:\/\/domooutdoor.com\/uy\/producto\/kamado-domo-25\/","title":{"rendered":"Kamado Domo 25\u2033"},"content":{"rendered":"<h2>Kamado Domo 25&#8243;: asados perfectos y versatilidad total<\/h2>\n<p>El <strong>Kamado Domo 25&#8243;<\/strong> es la opci\u00f3n ideal para quienes buscan un asador vers\u00e1til, eficiente y con capacidad suficiente para profesionales de la gastronomia, grandes reuniones familiares y de amigos o amantes de los cortes grandes y sin deshuesar. Fabricado en cer\u00e1mica de alta resistencia, garantiza una cocci\u00f3n uniforme, retenci\u00f3n de calor superior y ahorro de carb\u00f3n. Este modelo extra grande ofrece un excelente balance entre tama\u00f1o y capacidad para cocinar para 15 a 25 personas.<\/p>\n<p><strong>Adem\u00e1s<\/strong>, su estructura cer\u00e1mica de alta densidad retiene el calor como ning\u00fan otro equipo, permitiendo asar, ahumar, hornear o grillar con un control total de temperatura. <strong>Tambi\u00e9n<\/strong> es altamente eficiente: consume menos carb\u00f3n y mantiene la brasa encendida por horas.<\/p>\n<h3>\u00bfPor qu\u00e9 elegir el Kamado Domo 25&#8243;?<\/h3>\n<p><strong>En primer lugar<\/strong>, porque pod\u00e9s cocinar desde un costillar ahumado hasta una pizza crocante sin cambiar de equipo. <strong>Por eso<\/strong>, es uno de los modelos m\u00e1s recomendados tanto para principiantes como para usuarios avanzados. <strong>En otras palabras<\/strong>, es un asador de alto nivel con resultados gourmet. Incluye divisor de cocci\u00f3n: accesorio con el que tu Kamado queda completo y puedes explorar todas sus funcionalidades. Tambi\u00e9n incluye colector de cenizas, funda protectora de polvo y lluvia, cepillo limpiador de parrilla y atizador.<\/p>\n<ul>\n<li>\ud83c\udf57 Capacidad: hasta 25 comensales<\/li>\n<li>\ud83d\udd25 Temperatura controlada desde 90\u202f\u00b0C hasta 400\u202f\u00b0C<\/li>\n<li>\ud83d\udca8 Ventilaci\u00f3n inferior y superior ajustable<\/li>\n<li>\ud83e\uddf1 Cuerpo cer\u00e1mico de doble pared<\/li>\n<\/ul>\n<h3>Complet\u00e1 tu estaci\u00f3n de fuego con Domo<\/h3>\n<p>Este <strong>Kamado Domo 25&#8243;<\/strong>\u00a0se complementa con nuestros <a href=\"https:\/\/domooutdoor.com\/uy\/categoria-producto\/smoker-and-grill\/accesorios-kamados\/\">accesorios premium<\/a>, <a href=\"https:\/\/domooutdoor.com\/uy\/categoria-producto\/pizza-world\/\">kits pizzaiolos<\/a> y <a href=\"https:\/\/domooutdoor.com\/uy\/categoria-producto\/smoker-and-grill\/consumibles\/\">carbones especiales<\/a>.<\/p>\n<p><strong>Mir\u00e1 el Kamado 25\u201d en acci\u00f3n en esta <a href=\"https:\/\/www.instagram.com\/domooutdoor.uy\/reel\/C9IWMkWJHV8\/\" target=\"_blank\" rel=\"noopener noreferrer\">demostraci\u00f3n real en Instagram<\/a>.<\/strong><\/p>\n<h2>Accesorios que incluye:<\/h2>\n<h3>Divisor de Cocci\u00f3n para Kamado<\/h3>\n<p>Convierte tu Kamado en una herramienta de cocci\u00f3n a\u00fan m\u00e1s vers\u00e1til con el <strong>divisor de cocci\u00f3n<\/strong>, el accesorio ideal para dominar el calor como un verdadero maestro del asado. Este accesorio te permite <strong>nivelar las parrillas en dos mitades o en niveles mas cerca o mas lejos del fuego<\/strong>, facilitando diferentes m\u00e9todos de cocci\u00f3n en simult\u00e1neo:<\/p>\n<ul>\n<li>\ud83d\udd25 <strong>Cocci\u00f3n directa e indirecta a la vez:<\/strong> As\u00e1 una carne directamente sobre las brasas mientras cocinas vegetales o una pieza m\u00e1s delicada con calor indirecto en la otra mitad.<\/li>\n<li>\ud83c\udf21\ufe0f <strong>Control preciso del calor:<\/strong> Regula el flujo de calor con el difusor de calor para cocciones lentas o ahumados.<\/li>\n<li>\ud83c\udf56 <strong>Mayor eficiencia:<\/strong> Ideal para preparaciones que requieren diferentes temperaturas o tiempos de cocci\u00f3n sin tener que cambiar la configuraci\u00f3n del Kamado.<\/li>\n<li>\ud83e\uddfc <strong>F\u00e1cil de instalar y limpiar:<\/strong> Parrilla de acero inoxidable y difusor de calor de cer\u00e1mica refractaria.<\/li>\n<\/ul>\n<p>Perfecto para quienes buscan elevar su experiencia de asado: el divisor de cocci\u00f3n te permite usar todas las funcionalidades del Kamado ya que podes utilizar las parrillas en el segundo nivel quedando mas alejadas del fuego ideal para asar a tapa abierta como parrilla tradicional. Col\u00f3cale las dos medialunas de cer\u00e1mica difusoras de calor para que tu Kamado comience a funcionar por convecci\u00f3n y as\u00ed poder hacer ahumados o cocciones a fuego indirecto durante tiempos prolongados sin perder los jugos de la carne, logrando una terneza incre\u00edble en los cortes.<\/p>\n<div style=\"display: flex; flex-wrap: wrap; justify-content: center; gap: 16px;\"><a href=\"https:\/\/domooutdoor.com\/uy\/wp-content\/uploads\/sites\/2\/2025\/06\/01-Divisor-de-coccion.jpg\" target=\"_blank\" rel=\"noopener\"><br \/>\n<img decoding=\"async\" style=\"width: 100%; max-width: 450px; height: auto;\" src=\"https:\/\/domooutdoor.com\/uy\/wp-content\/uploads\/sites\/2\/2025\/06\/01-Divisor-de-coccion.jpg\" alt=\"Divisor de cocci\u00f3n - imagen 1\" \/><br \/>\n<\/a><br \/>\n<a href=\"https:\/\/domooutdoor.com\/uy\/wp-content\/uploads\/sites\/2\/2024\/05\/02-3.jpg\" target=\"_blank\" rel=\"noopener\"><br \/>\n<img decoding=\"async\" style=\"width: 100%; max-width: 450px; height: auto;\" src=\"https:\/\/domooutdoor.com\/uy\/wp-content\/uploads\/sites\/2\/2024\/05\/02-3.jpg\" alt=\"Divisor de cocci\u00f3n - imagen 2\" \/><br \/>\n<\/a><\/div>\n<h3>Atizador para Carb\u00f3n Domo: control\u00e1 las brasas con precisi\u00f3n<\/h3>\n<p>El <strong>atizador para carb\u00f3n DOMO<\/strong> de 46,3\u202fcm es la herramienta esencial para mover y acomodar brasas calientes sin esfuerzo. Fabricado en acero resistente y con mango ergon\u00f3mico, te permite manipular el fuego con total seguridad.<\/p>\n<ul>\n<li style=\"list-style-type: none;\">\n<ul>\n<li>\ud83d\udd25 Largo total: 46,3\u202fcm<\/li>\n<li>\ud83d\udcaa Fabricado en acero resistente<\/li>\n<li>\u270b Mango ergon\u00f3mico para mejor agarre<\/li>\n<li>\ud83d\udd25 Apto para brasas, le\u00f1a y carb\u00f3n<\/li>\n<\/ul>\n<\/li>\n<\/ul>\n<div style=\"display: flex; flex-wrap: wrap; justify-content: center; gap: 16px;\"><a href=\"https:\/\/domooutdoor.com\/uy\/wp-content\/uploads\/sites\/2\/2024\/05\/03-24.jpg\" target=\"_blank\" rel=\"noopener\"><br \/>\n<img decoding=\"async\" style=\"width: 100%; max-width: 450px; height: auto;\" src=\"https:\/\/domooutdoor.com\/uy\/wp-content\/uploads\/sites\/2\/2024\/05\/03-24.jpg\" alt=\"Divisor de cocci\u00f3n - imagen 1\" \/><br \/>\n<\/a><br \/>\n<a href=\"https:\/\/domooutdoor.com\/uy\/wp-content\/uploads\/sites\/2\/2024\/05\/01-27.jpg\" target=\"_blank\" rel=\"noopener\"><br \/>\n<img decoding=\"async\" style=\"width: 100%; max-width: 450px; height: auto;\" src=\"https:\/\/domooutdoor.com\/uy\/wp-content\/uploads\/sites\/2\/2024\/05\/01-27.jpg\" alt=\"Divisor de cocci\u00f3n - imagen 2\" \/><br \/>\n<\/a><\/div>\n<h3>Cobertor para Kamado Waterproof: protecci\u00f3n total todo el a\u00f1o<\/h3>\n<p>El <strong>cobertor waterproof para Kamado<\/strong> est\u00e1 dise\u00f1ado para proteger tu Kamado de la lluvia, el polvo y los rayos UV. Confeccionado en tela impermeable y resistente, se adapta perfectamente a la forma del Kamado y lo mantiene seco y limpio en todo momento.<\/p>\n<ul>\n<li style=\"list-style-type: none;\">\n<ul>\n<li style=\"list-style-type: none;\">\n<ul>\n<li>\ud83d\udee1\ufe0f Material impermeable y anti-UV<\/li>\n<li>\ud83c\udf27\ufe0f Protege de lluvia, polvo y sol<\/li>\n<li>\ud83d\udcaa Costuras reforzadas y ajuste seguro<\/li>\n<li>\ud83e\uddf3 Incluye bolsa para guardado<\/li>\n<\/ul>\n<\/li>\n<\/ul>\n<\/li>\n<\/ul>\n<div style=\"display: flex; flex-wrap: wrap; justify-content: center; gap: 16px;\"><a href=\"https:\/\/domooutdoor.com\/uy\/wp-content\/uploads\/sites\/2\/2024\/05\/01-29.jpg\" target=\"_blank\" rel=\"noopener\"><br \/>\n<img decoding=\"async\" style=\"width: 100%; max-width: 450px; height: auto;\" src=\"https:\/\/domooutdoor.com\/uy\/wp-content\/uploads\/sites\/2\/2024\/05\/01-29.jpg\" \/><br \/>\n<\/a><br \/>\n<a href=\"https:\/\/domooutdoor.com\/uy\/wp-content\/uploads\/sites\/2\/2024\/05\/Cobertor-logo.jpg\" target=\"_blank\" rel=\"noopener\"><br \/>\n<img decoding=\"async\" style=\"width: 100%; max-width: 450px; height: auto;\" src=\"https:\/\/domooutdoor.com\/uy\/wp-content\/uploads\/sites\/2\/2024\/05\/Cobertor-logo.jpg\" alt=\"Divisor de cocci\u00f3n - imagen 2\" \/><br \/>\n<\/a><\/div>\n<h3>Cepillo Limpiador de Parrilla de Acero Domo: dej\u00e1 tu parrilla impecable<\/h3>\n<p>El <strong>cepillo limpiador de parrilla de acero Domo<\/strong>\u00a0es la herramienta ideal para mantener tu parrilla siempre lista para el pr\u00f3ximo asado. Con sus cerdas met\u00e1licas resistentes, elimina grasa, residuos y carbonilla sin da\u00f1ar la superficie.<\/p>\n<ul>\n<li style=\"list-style-type: none;\">\n<ul>\n<li style=\"list-style-type: none;\">\n<ul>\n<li style=\"list-style-type: none;\">\n<ul>\n<li>\ud83e\uddfc Cerdas de acero resistentes<\/li>\n<li>\u270b Mango largo y c\u00f3modo<\/li>\n<li>\ud83d\udd25 Apto para parrillas calientes<\/li>\n<li>\ud83d\udcaa Ideal para uso frecuente<\/li>\n<\/ul>\n<\/li>\n<\/ul>\n<\/li>\n<\/ul>\n<\/li>\n<\/ul>\n<div style=\"display: flex; flex-wrap: wrap; justify-content: center; gap: 16px;\"><a href=\"https:\/\/domooutdoor.com\/uy\/wp-content\/uploads\/sites\/2\/2024\/05\/cepillo-Photoroom.png\" target=\"_blank\" rel=\"noopener\"><br \/>\n<img decoding=\"async\" style=\"width: 100%; max-width: 450px; height: auto;\" src=\"https:\/\/domooutdoor.com\/uy\/wp-content\/uploads\/sites\/2\/2024\/05\/cepillo-Photoroom.png\" \/><br \/>\n<\/a><br \/>\n<a href=\"https:\/\/domooutdoor.com\/uy\/wp-content\/uploads\/sites\/2\/2024\/05\/cepillo-Photoroom.png\" target=\"_blank\" rel=\"noopener\"><br \/>\n<img decoding=\"async\" style=\"width: 100%; max-width: 450px; height: auto;\" src=\"https:\/\/domooutdoor.com\/uy\/wp-content\/uploads\/sites\/2\/2024\/05\/cepillo-Photoroom.png\" alt=\"Divisor de cocci\u00f3n - imagen 2\" \/><br \/>\n<\/a><\/div>\n","protected":false},"excerpt":{"rendered":"<p>Con 53cm de parrilla puedes cocinar para 25 personas sin problemas, ya que es un modelo que puede acompa\u00f1ar a cualquier reuni\u00f3n. Ideal para patios, balcones o terrazas, sin embargo cualquier Kamado se adapta a todos los espacios exteriores. Puede acompa\u00f1ar a cualquier reuni\u00f3n, tiene capacidad para 10 pollos verticales o 10 colitas de cuadril o 15 hamburguesas.<br \/>\nIncluye: mesas laterales de bamb\u00fa, carro en acero inoxidable, divisor de coccion, cepillo limpiador de parrilla, cobertor, colector de cenizas y atizador<br \/>\nDescripci\u00f3n:<br \/>\n\u2022 Dimensiones: 141*88*125cm (Largo, ancho, alto)<br \/>\n\u2022 Di\u00e1metro parrilla: 53cm<br \/>\n\u2022 \u00c1rea cocci\u00f3n: 382 in2\/ 2462cm2<br \/>\n\u2022 Peso neto: 108kg<br \/>\n\u2022 Peso embalado: 119kg<br \/>\n\u2022 Dimensiones embalado: 85*72*92cm<\/p>\n","protected":false},"featured_media":1213,"comment_status":"open","ping_status":"closed","template":"","meta":[],"product_brand":[],"product_cat":[95,101],"product_tag":[],"class_list":{"0":"post-23","1":"product","2":"type-product","3":"status-publish","4":"has-post-thumbnail","6":"product_cat-smoker-and-grill","7":"product_cat-kamado","8":"tm-has-options","10":"first","11":"instock","12":"taxable","13":"shipping-taxable","14":"purchasable","15":"product-type-variable"},"aioseo_notices":[],"_links":{"self":[{"href":"https:\/\/domooutdoor.com\/uy\/wp-json\/wp\/v2\/product\/23","targetHints":{"allow":["GET"]}}],"collection":[{"href":"https:\/\/domooutdoor.com\/uy\/wp-json\/wp\/v2\/product"}],"about":[{"href":"https:\/\/domooutdoor.com\/uy\/wp-json\/wp\/v2\/types\/product"}],"replies":[{"embeddable":true,"href":"https:\/\/domooutdoor.com\/uy\/wp-json\/wp\/v2\/comments?post=23"}],"wp:featuredmedia":[{"embeddable":true,"href":"https:\/\/domooutdoor.com\/uy\/wp-json\/wp\/v2\/media\/1213"}],"wp:attachment":[{"href":"https:\/\/domooutdoor.com\/uy\/wp-json\/wp\/v2\/media?parent=23"}],"wp:term":[{"taxonomy":"product_brand","embeddable":true,"href":"https:\/\/domooutdoor.com\/uy\/wp-json\/wp\/v2\/product_brand?post=23"},{"taxonomy":"product_cat","embeddable":true,"href":"https:\/\/domooutdoor.com\/uy\/wp-json\/wp\/v2\/product_cat?post=23"},{"taxonomy":"product_tag","embeddable":true,"href":"https:\/\/domooutdoor.com\/uy\/wp-json\/wp\/v2\/product_tag?post=23"}],"curies":[{"name":"wp","href":"https:\/\/api.w.org\/{rel}","templated":true}]}}