{"id":230,"date":"2024-05-21T17:52:03","date_gmt":"2024-05-21T15:52:03","guid":{"rendered":"https:\/\/domooutdoor.com\/uy\/?post_type=product&#038;p=230"},"modified":"2026-04-07T21:45:59","modified_gmt":"2026-04-07T19:45:59","slug":"mochila-para-picnic","status":"publish","type":"product","link":"https:\/\/domooutdoor.com\/uy\/producto\/mochila-para-picnic\/","title":{"rendered":"Mochila Para P\u00edcnic"},"content":{"rendered":"<h2>Mochila Para P\u00edcnic Domo: llev\u00e1 todo para tu salida en un solo lugar<\/h2>\n<p>La <strong>mochila picnic<\/strong> Domo es el combo perfecto para escapadas, camping, parque o playa. Viene equipada con todo lo necesario para disfrutar de una comida al aire libre con estilo y comodidad: <strong>platos, mantas, cubiertos, copas, servilletas y tabla de picar<\/strong>, todo incluido en un dise\u00f1o compacto y funcional.<\/p>\n<p><strong>Adem\u00e1s<\/strong>, incluye compartimentos t\u00e9rmicos para mantener tus alimentos y bebidas fr\u00edas por horas. <strong>Tambi\u00e9n<\/strong> posee tiras acolchadas para llevarla c\u00f3modamente, incluso en caminatas largas o salidas en bici.<\/p>\n<h3>\u00bfPor qu\u00e9 elegir una mochila picnic DOMO?<\/h3>\n<p><strong>En primer lugar<\/strong>, porque es pr\u00e1ctica, elegante y lista para usar. <strong>Por eso<\/strong>, es ideal para regalar, para salir en pareja o en familia. <strong>En otras palabras<\/strong>, convierte cualquier paseo en una experiencia gourmet.<\/p>\n<ul>\n<li>\ud83e\uddfa Incluye vajilla para 2 o 4 personas (seg\u00fan modelo)<\/li>\n<li>\u2744\ufe0f Compartimentos t\u00e9rmicos<\/li>\n<li>\ud83c\udf77 Copas pl\u00e1sticas, servilletas, cubiertos, sacacorchos, mantas y tabla de madera<\/li>\n<li>\ud83c\udf92 Dise\u00f1o liviano, c\u00f3modo y resistente<\/li>\n<\/ul>\n<h3>Complet\u00e1 tu experiencia outdoor con Domo<\/h3>\n<p>Combin\u00e1 tu <strong>mochila picnic<\/strong> con nuestros <a href=\"https:\/\/domooutdoor.com\/uy\/categoria-producto\/stanley\/\">productos Stanley<\/a>.<\/p>\n<p><strong>Mir\u00e1 todo lo que incluye en esta <a href=\"https:\/\/www.instagram.com\/p\/CyES47Ft9ga\/\" target=\"_blank\" rel=\"noopener noreferrer\">demostraci\u00f3n en Instagram<\/a>.<\/strong><\/p>\n<p><img decoding=\"async\" src=\"https:\/\/domooutdoor.com\/uy\/wp-content\/uploads\/sites\/2\/2024\/05\/Domo-94-of-256-scaled-1.jpg\" alt=\"Mochila picnic DOMO equipada con vajilla y compartimento t\u00e9rmico\" \/><\/p>\n","protected":false},"excerpt":{"rendered":"<p>Mochila para pic-nic completa con todo incluido, copas, platos, saca corchos, mantel, tabla para cortar, cubiertos, etc.<\/p>\n","protected":false},"featured_media":260,"comment_status":"open","ping_status":"closed","template":"","meta":[],"product_brand":[],"product_cat":[109,96,108],"product_tag":[],"class_list":{"0":"post-230","1":"product","2":"type-product","3":"status-publish","4":"has-post-thumbnail","6":"product_cat-camping-outdoor","7":"product_cat-outdoor","8":"product_cat-playa-outdoor","9":"product_shipping_class-hasta-5kg","10":"tm-no-options","12":"first","13":"outofstock","14":"sale","15":"taxable","16":"shipping-taxable","17":"purchasable","18":"product-type-simple"},"aioseo_notices":[],"_links":{"self":[{"href":"https:\/\/domooutdoor.com\/uy\/wp-json\/wp\/v2\/product\/230","targetHints":{"allow":["GET"]}}],"collection":[{"href":"https:\/\/domooutdoor.com\/uy\/wp-json\/wp\/v2\/product"}],"about":[{"href":"https:\/\/domooutdoor.com\/uy\/wp-json\/wp\/v2\/types\/product"}],"replies":[{"embeddable":true,"href":"https:\/\/domooutdoor.com\/uy\/wp-json\/wp\/v2\/comments?post=230"}],"wp:featuredmedia":[{"embeddable":true,"href":"https:\/\/domooutdoor.com\/uy\/wp-json\/wp\/v2\/media\/260"}],"wp:attachment":[{"href":"https:\/\/domooutdoor.com\/uy\/wp-json\/wp\/v2\/media?parent=230"}],"wp:term":[{"taxonomy":"product_brand","embeddable":true,"href":"https:\/\/domooutdoor.com\/uy\/wp-json\/wp\/v2\/product_brand?post=230"},{"taxonomy":"product_cat","embeddable":true,"href":"https:\/\/domooutdoor.com\/uy\/wp-json\/wp\/v2\/product_cat?post=230"},{"taxonomy":"product_tag","embeddable":true,"href":"https:\/\/domooutdoor.com\/uy\/wp-json\/wp\/v2\/product_tag?post=230"}],"curies":[{"name":"wp","href":"https:\/\/api.w.org\/{rel}","templated":true}]}}