{"id":2662,"date":"2025-07-07T18:55:37","date_gmt":"2025-07-07T16:55:37","guid":{"rendered":"https:\/\/domooutdoor.com\/uy\/?post_type=product&#038;p=2662"},"modified":"2026-03-23T15:07:11","modified_gmt":"2026-03-23T14:07:11","slug":"kamado-15-peanut","status":"publish","type":"product","link":"https:\/\/domooutdoor.com\/uy\/producto\/kamado-15-peanut\/","title":{"rendered":"Kamado 15&#8243; Peanut"},"content":{"rendered":"<h2>Kamado Domo 15&#8243;: el primer paso para adentrarte a este mundo<\/h2>\n<p>El Kamado Domo 15&#8243; es la elecci\u00f3n ideal para quienes buscan versatilidad, eficiencia t\u00e9rmica y un dise\u00f1o robusto. Este modelo Small es un excelente tama\u00f1o compacto para cocinar para 4 a 6 personas.<\/p>\n<p><strong>Adem\u00e1s<\/strong>, su estructura cer\u00e1mica de alta densidad retiene el calor como ning\u00fan otro equipo, permitiendo asar, ahumar, hornear o grillar con un control total de temperatura. <strong>Tambi\u00e9n<\/strong> es altamente eficiente: consume menos carb\u00f3n y mantiene la brasa encendida por horas.<\/p>\n<h3>\u00bfPor qu\u00e9 elegir el Kamado Domo 15&#8243;?<\/h3>\n<p><strong>En primer lugar<\/strong>, porque pod\u00e9s cocinar una parrillada sin necesidad de tener un gran espacio para hacerla. <strong>Por eso<\/strong>, es uno de los modelos m\u00e1s recomendados tanto para principiantes. <strong>En otras palabras<\/strong>, es un asador de alto nivel con resultados gourmet. Incluye: patas elevadoras<\/p>\n<ul>\n<li>\ud83c\udf57 Capacidad: hasta 6 comensales<\/li>\n<li>\ud83d\udd25 Temperatura controlada desde 90\u202f\u00b0C hasta 400\u202f\u00b0C<\/li>\n<li>\ud83d\udca8 Ventilaci\u00f3n inferior y superior ajustable<\/li>\n<li>\ud83e\uddf1 Cuerpo cer\u00e1mico de doble pared<\/li>\n<\/ul>\n<h3>Complet\u00e1 tu estaci\u00f3n de fuego con Domo<\/h3>\n<p>Este <strong>Kamado Domo 15&#8243;<\/strong>\u00a0se complementa con nuestros <a href=\"https:\/\/domooutdoor.com\/uy\/categoria-producto\/smoker-and-grill\/accesorios-kamados\/\">accesorios premium<\/a>, <a href=\"https:\/\/domooutdoor.com\/uy\/categoria-producto\/pizza-world\/\">kits pizzaiolos<\/a> y <a href=\"https:\/\/domooutdoor.com\/uy\/categoria-producto\/smoker-and-grill\/consumibles\/\">carbones especiales<\/a>.<\/p>\n<p><strong>Mir\u00e1 el Kamado 15\u201d en acci\u00f3n en esta <a href=\"https:\/\/www.instagram.com\/domooutdoor.uy\/reel\/C9IWMkWJHV8\/\" target=\"_blank\" rel=\"noopener noreferrer\">demostraci\u00f3n real en Instagram<\/a>.<\/strong><\/p>\n","protected":false},"excerpt":{"rendered":"<p>Con 34 cm de parrilla tenemos otro todo terreno insuperable. Es ideal para llevar tus fines de semana y en casa te dar\u00e1 m\u00e1s opciones de cocci\u00f3n.<br \/>\n\u2022 Dimensiones: 50*50*60cm (Largo, ancho, alto)<br \/>\n\u2022 Di\u00e1metro parrilla: 34cm<br \/>\n\u2022 Peso neto: 37,5kg<br \/>\n\u2022 Peso embalado: 44kg<\/p>\n","protected":false},"featured_media":2667,"comment_status":"open","ping_status":"closed","template":"","meta":[],"product_brand":[],"product_cat":[95,101],"product_tag":[],"class_list":{"0":"post-2662","1":"product","2":"type-product","3":"status-publish","4":"has-post-thumbnail","6":"product_cat-smoker-and-grill","7":"product_cat-kamado","8":"tm-has-options","10":"first","11":"outofstock","12":"taxable","13":"shipping-taxable","14":"purchasable","15":"product-type-variable"},"aioseo_notices":[],"_links":{"self":[{"href":"https:\/\/domooutdoor.com\/uy\/wp-json\/wp\/v2\/product\/2662","targetHints":{"allow":["GET"]}}],"collection":[{"href":"https:\/\/domooutdoor.com\/uy\/wp-json\/wp\/v2\/product"}],"about":[{"href":"https:\/\/domooutdoor.com\/uy\/wp-json\/wp\/v2\/types\/product"}],"replies":[{"embeddable":true,"href":"https:\/\/domooutdoor.com\/uy\/wp-json\/wp\/v2\/comments?post=2662"}],"wp:featuredmedia":[{"embeddable":true,"href":"https:\/\/domooutdoor.com\/uy\/wp-json\/wp\/v2\/media\/2667"}],"wp:attachment":[{"href":"https:\/\/domooutdoor.com\/uy\/wp-json\/wp\/v2\/media?parent=2662"}],"wp:term":[{"taxonomy":"product_brand","embeddable":true,"href":"https:\/\/domooutdoor.com\/uy\/wp-json\/wp\/v2\/product_brand?post=2662"},{"taxonomy":"product_cat","embeddable":true,"href":"https:\/\/domooutdoor.com\/uy\/wp-json\/wp\/v2\/product_cat?post=2662"},{"taxonomy":"product_tag","embeddable":true,"href":"https:\/\/domooutdoor.com\/uy\/wp-json\/wp\/v2\/product_tag?post=2662"}],"curies":[{"name":"wp","href":"https:\/\/api.w.org\/{rel}","templated":true}]}}