{"id":27,"date":"2024-05-21T17:51:19","date_gmt":"2024-05-21T15:51:19","guid":{"rendered":"https:\/\/domooutdoor.com\/uy\/?post_type=product&#038;p=27"},"modified":"2025-06-17T18:10:10","modified_gmt":"2025-06-17T16:10:10","slug":"atizador-para-carbon","status":"publish","type":"product","link":"https:\/\/domooutdoor.com\/uy\/producto\/atizador-para-carbon\/","title":{"rendered":"Atizador para carb\u00f3n"},"content":{"rendered":"<h2>Atizador para Carb\u00f3n Domo: control\u00e1 las brasas con precisi\u00f3n<\/h2>\n<p>El <strong>atizador para carb\u00f3n DOMO<\/strong> de 46,3\u202fcm es la herramienta esencial para mover y acomodar brasas calientes sin esfuerzo. Fabricado en acero resistente y con mango ergon\u00f3mico, te permite manipular el fuego con total seguridad.<\/p>\n<p><strong>Adem\u00e1s<\/strong>, su largo ideal evita el contacto con el calor excesivo, protegiendo tus manos.<\/p>\n<h3>\u00bfPor qu\u00e9 usar un atizador DOMO?<\/h3>\n<p><strong>En primer lugar<\/strong>, porque te da control total sobre el flujo de aire y la distribuci\u00f3n del calor. <strong>Por eso<\/strong>, es un b\u00e1sico para asadores exigentes. <strong>En otras palabras<\/strong>, te permite dominar el fuego como un profesional.<\/p>\n<ul>\n<li>\ud83d\udd25 Largo total: 46,3\u202fcm<\/li>\n<li>\ud83d\udcaa Fabricado en acero resistente<\/li>\n<li>\u270b Mango ergon\u00f3mico para mejor agarre<\/li>\n<li>\ud83d\udd25 Apto para brasas, le\u00f1a y carb\u00f3n<\/li>\n<\/ul>\n<h3>Complet\u00e1 tu set de fuego Domo<\/h3>\n<p>Sum\u00e1 este <strong>atizador para carb\u00f3n DOMO<\/strong> a tu equipo junto a nuestros <a href=\"https:\/\/domooutdoor.com\/uy\/categoria-producto\/smoker-and-grill\/accesorios-kamados\/\">accesorios para Kamado<\/a>.<\/p>\n<p><strong>Mir\u00e1 c\u00f3mo se usa en esta <a href=\"https:\/\/www.instagram.com\/domooutdoor.uy\/reel\/C-0llc7pJPq\/\" target=\"_blank\" rel=\"noopener noreferrer\">demostraci\u00f3n real en Instagram<\/a>.<\/strong><\/p>\n<p><img decoding=\"async\" src=\"https:\/\/domooutdoor.com\/uy\/wp-content\/uploads\/sites\/2\/2024\/05\/01-27.jpg\" alt=\"Atizador para carb\u00f3n DOMO controlando las brasas\" \/><\/p>\n","protected":false},"excerpt":{"rendered":"<p>Este atizador para cenizas mide 43 cent\u00edmetros de largo, y la parte superior del atizador tiene una longitud de 6 cent\u00edmetros y un ancho de 2 cent\u00edmetros. Este tama\u00f1o se adapta a la mayor\u00eda de las parrillas de carb\u00f3n.<br \/>\nMueve las cenizas f\u00e1cilmente. El atizador para cenizas es esencial para la parrilla kamado. Puedes quitar f\u00e1cilmente las cenizas en el fondo de la parrilla con la ayuda de este atizador para cenizas.<br \/>\nMaterial duradero. Este atizador para cenizas est\u00e1 hecho de acero inoxidable, lo que lo hace m\u00e1s duradero y resistente al \u00f3xido.<br \/>\nMango de bamb\u00fa c\u00f3modo. A diferencia del mango de pl\u00e1stico o acero habitual, utilizamos un mango de bamb\u00fa que es m\u00e1s resistente al calor y hermoso. A\u00f1ade m\u00e1s diversi\u00f3n a tu barbacoa.<br \/>\nF\u00e1cil de almacenar. Hay un anillo en el extremo del mango, puedes colgarlo donde quieras.<\/p>\n","protected":false},"featured_media":1256,"comment_status":"closed","ping_status":"closed","template":"","meta":[],"product_brand":[],"product_cat":[102,95],"product_tag":[],"class_list":{"0":"post-27","1":"product","2":"type-product","3":"status-publish","4":"has-post-thumbnail","6":"product_cat-accesorios-kamados","7":"product_cat-smoker-and-grill","8":"tm-no-options","10":"first","11":"instock","12":"taxable","13":"shipping-taxable","14":"purchasable","15":"product-type-simple"},"aioseo_notices":[],"_links":{"self":[{"href":"https:\/\/domooutdoor.com\/uy\/wp-json\/wp\/v2\/product\/27","targetHints":{"allow":["GET"]}}],"collection":[{"href":"https:\/\/domooutdoor.com\/uy\/wp-json\/wp\/v2\/product"}],"about":[{"href":"https:\/\/domooutdoor.com\/uy\/wp-json\/wp\/v2\/types\/product"}],"replies":[{"embeddable":true,"href":"https:\/\/domooutdoor.com\/uy\/wp-json\/wp\/v2\/comments?post=27"}],"wp:featuredmedia":[{"embeddable":true,"href":"https:\/\/domooutdoor.com\/uy\/wp-json\/wp\/v2\/media\/1256"}],"wp:attachment":[{"href":"https:\/\/domooutdoor.com\/uy\/wp-json\/wp\/v2\/media?parent=27"}],"wp:term":[{"taxonomy":"product_brand","embeddable":true,"href":"https:\/\/domooutdoor.com\/uy\/wp-json\/wp\/v2\/product_brand?post=27"},{"taxonomy":"product_cat","embeddable":true,"href":"https:\/\/domooutdoor.com\/uy\/wp-json\/wp\/v2\/product_cat?post=27"},{"taxonomy":"product_tag","embeddable":true,"href":"https:\/\/domooutdoor.com\/uy\/wp-json\/wp\/v2\/product_tag?post=27"}],"curies":[{"name":"wp","href":"https:\/\/api.w.org\/{rel}","templated":true}]}}