{"id":2744,"date":"2025-07-22T23:27:08","date_gmt":"2025-07-22T21:27:08","guid":{"rendered":"https:\/\/domooutdoor.com\/uy\/?post_type=product&#038;p=2744"},"modified":"2025-11-11T20:59:39","modified_gmt":"2025-11-11T19:59:39","slug":"cuchillo-acero-inox-125cm-ciervo-con-vaina-de-suela","status":"publish","type":"product","link":"https:\/\/domooutdoor.com\/uy\/producto\/cuchillo-acero-inox-125cm-ciervo-con-vaina-de-suela\/","title":{"rendered":"Cuchillo Acero Inox 12,5cm Ciervo Con Vaina De Suela"},"content":{"rendered":"<h2>Cuchillo Acero Inox 12,5cm Ciervo Con Vaina De Suela<\/h2>\n<p>El <strong>cuchillo de hoja de 12,5cm en acero inoxidable con mango de guampa de ciervo<\/strong> es una pieza artesanal pensada para quienes valoran el dise\u00f1o r\u00fastico, la precisi\u00f3n en el corte y la calidad de materiales nobles. Su hoja de acero inoxidable templado ofrece gran filo y resistencia a la corrosi\u00f3n.<\/p>\n<p><strong>Adem\u00e1s<\/strong>, su mango de asta de ciervo brinda un agarre firme, natural y ergon\u00f3mico, adapt\u00e1ndose c\u00f3modamente a la mano para un uso preciso y seguro. <strong>Tambi\u00e9n<\/strong> incluye una vaina de suela cosida a mano, ideal para guardar o transportar de forma segura y elegante. La hoja se extiende en una sola pieza hasta el final del mango (<strong data-start=\"489\" data-end=\"508\">espiga completa<\/strong>), lo que ofrece <strong data-start=\"525\" data-end=\"584\">mayor resistencia estructural, equilibrio y durabilidad<\/strong>. Este cuchillo presenta una terminaci\u00f3n \u00fanica y distintiva en su mango: una <strong data-start=\"662\" data-end=\"707\">culata con incrustaci\u00f3n de moneda antigua<\/strong>, un detalle artesanal que conecta con nuestras ra\u00edces y le otorga un car\u00e1cter singular. <em data-start=\"796\" data-end=\"847\">La moneda puede variar respecto a la de la imagen<\/em>, haciendo que cada cuchillo sea una pieza \u00fanica.<\/p>\n<h3>\u00bfPor qu\u00e9 elegir este cuchillo artesanal Industria Uruguaya?<\/h3>\n<p><strong>En primer lugar<\/strong>, porque no es solo un utensilio, sino una pieza de colecci\u00f3n para quienes disfrutan del fuego, la parrilla y el ritual de cortar con estilo. <strong>Por eso<\/strong>, es perfecto como regalo o como compa\u00f1ero en tu kit parrillero.<\/p>\n<ul>\n<li>\ud83d\udd2a Hoja de 12,5cm en acero inoxidable<\/li>\n<li>\ud83e\udd8c Mango aut\u00e9ntico de ciervo<\/li>\n<li>\ud83e\uddf5 Vaina de suela incluida Talabarter\u00eda Basso<\/li>\n<li>\ud83d\udd25 Ideal para asadores y entornos outdoor<\/li>\n<\/ul>\n<h3>Complet\u00e1 tu set parrillero DOMO<\/h3>\n<p>Combin\u00e1 este <strong>cuchillo de acero inoxidable con mango de ciervo<\/strong> con nuestra <a href=\"https:\/\/domooutdoor.com\/uy\/categoria-producto\/smoker-and-grill\/accesorios-cocina\/\">l\u00ednea de accesorios para parrilla<\/a>, <a href=\"https:\/\/domooutdoor.com\/uy\/categoria-producto\/smoker-and-grill\/fundicion\/\">utensilios de hierro fundido<\/a> o un <a href=\"https:\/\/domooutdoor.com\/uy\/categoria-producto\/smoker-and-grill\/kamado\/\">Kamado DOMO<\/a>.<\/p>\n<p><strong>Conoc\u00e9 m\u00e1s sobre su uso en esta <a href=\"https:\/\/www.instagram.com\/p\/DLlY2VHsW5g\/\" target=\"_blank\" rel=\"noopener noreferrer\">demostraci\u00f3n real en Instagram<\/a>.<\/strong><\/p>\n<p><img decoding=\"async\" src=\"https:\/\/domooutdoor.com\/uy\/wp-content\/uploads\/sites\/2\/2025\/07\/IMG_6438-Editar-scaled.webp\" alt=\"Cuchillo 15 cm acero inoxidable ciervo con vaina de suela\" \/><\/p>\n","protected":false},"excerpt":{"rendered":"<p>El cuchillo de hoja de 12,5cm en acero inoxidable con mango de guampa de ciervo es una pieza artesanal pensada para quienes valoran el dise\u00f1o r\u00fastico, la precisi\u00f3n en el corte y la calidad de materiales nobles. Su hoja de acero inoxidable templado ofrece gran filo y resistencia a la corrosi\u00f3n.<\/p>\n<p>Adem\u00e1s, su mango de asta de ciervo brinda un agarre firme, natural y ergon\u00f3mico, adapt\u00e1ndose c\u00f3modamente a la mano para un uso preciso y seguro. Tambi\u00e9n incluye una vaina de suela cosida a mano, ideal para guardar o transportar de forma segura y elegante. La hoja se extiende en una sola pieza hasta el final del mango (espiga completa), lo que ofrece mayor resistencia estructural, equilibrio y durabilidad. Este cuchillo presenta una terminaci\u00f3n \u00fanica y distintiva en su mango: una culata con incrustaci\u00f3n de moneda antigua, un detalle artesanal que conecta con nuestras ra\u00edces y le otorga un car\u00e1cter singular. La moneda puede variar respecto a la de la imagen, haciendo que cada cuchillo sea una pieza \u00fanica.<\/p>\n","protected":false},"featured_media":2734,"comment_status":"open","ping_status":"closed","template":"","meta":[],"product_brand":[],"product_cat":[103,141],"product_tag":[],"class_list":{"0":"post-2744","1":"product","2":"type-product","3":"status-publish","4":"has-post-thumbnail","6":"product_cat-accesorios-cocina","7":"product_cat-cuchilleria","8":"product_shipping_class-hasta-2kg","9":"tm-no-options","11":"first","12":"instock","13":"sale","14":"taxable","15":"shipping-taxable","16":"purchasable","17":"product-type-simple"},"aioseo_notices":[],"_links":{"self":[{"href":"https:\/\/domooutdoor.com\/uy\/wp-json\/wp\/v2\/product\/2744","targetHints":{"allow":["GET"]}}],"collection":[{"href":"https:\/\/domooutdoor.com\/uy\/wp-json\/wp\/v2\/product"}],"about":[{"href":"https:\/\/domooutdoor.com\/uy\/wp-json\/wp\/v2\/types\/product"}],"replies":[{"embeddable":true,"href":"https:\/\/domooutdoor.com\/uy\/wp-json\/wp\/v2\/comments?post=2744"}],"wp:featuredmedia":[{"embeddable":true,"href":"https:\/\/domooutdoor.com\/uy\/wp-json\/wp\/v2\/media\/2734"}],"wp:attachment":[{"href":"https:\/\/domooutdoor.com\/uy\/wp-json\/wp\/v2\/media?parent=2744"}],"wp:term":[{"taxonomy":"product_brand","embeddable":true,"href":"https:\/\/domooutdoor.com\/uy\/wp-json\/wp\/v2\/product_brand?post=2744"},{"taxonomy":"product_cat","embeddable":true,"href":"https:\/\/domooutdoor.com\/uy\/wp-json\/wp\/v2\/product_cat?post=2744"},{"taxonomy":"product_tag","embeddable":true,"href":"https:\/\/domooutdoor.com\/uy\/wp-json\/wp\/v2\/product_tag?post=2744"}],"curies":[{"name":"wp","href":"https:\/\/api.w.org\/{rel}","templated":true}]}}