{"id":3235,"date":"2025-11-26T18:12:31","date_gmt":"2025-11-26T17:12:31","guid":{"rendered":"https:\/\/domooutdoor.com\/uy\/?post_type=product&#038;p=3235"},"modified":"2026-04-14T11:34:06","modified_gmt":"2026-04-14T09:34:06","slug":"armstrong-midlength-fg-board","status":"publish","type":"product","link":"https:\/\/domooutdoor.com\/uy\/producto\/armstrong-midlength-fg-board\/","title":{"rendered":"Armstrong Midlength FG Board"},"content":{"rendered":"<div style=\"width:100%; margin:60px 0; text-align:center;\">\n  <img decoding=\"async\" \n    src=\"https:\/\/domooutdoor.com\/uy\/wp-content\/uploads\/sites\/2\/2025\/11\/05-2.jpg\"\n    alt=\"Armstrong Midlength FG Board Size Chart\"\n    style=\"max-width:100%; height:auto;\">\n<\/div>\n<div class=\"domo-prod-section\">\n<div class=\"domo-prod-text\">\n<p class=\"domo-prod-kicker\">SHAPE<\/p>\n<h2 style=\"color:#ffffff;\">Shape inspirado en tablas de surf<\/h2>\n<p>Una <strong>nariz puntiaguda pero no excesivamente afilada<\/strong>, una secci\u00f3n central que se afina de forma progresiva y un <strong>tail m\u00e1s angosto<\/strong> se combinan para lograr un <strong>deslizamiento muy eficiente<\/strong> remando en prone, tanto en olas chicas como grandes.<\/p>\n<p>Ese mismo glide se traduce de manera sobresaliente al <strong>wingfoil<\/strong>: la Midlength es una verdadera <strong>m\u00e1quina para poco viento<\/strong>, que despega del agua con una facilidad sorprendente, muy cercana a la de una tabla de <strong>downwind<\/strong>.<\/p>\n<\/div>\n<div class=\"domo-prod-image\"><img decoding=\"async\" src=\"https:\/\/domooutdoor.com\/uy\/wp-content\/uploads\/sites\/2\/2025\/11\/001.jpg\" alt=\"Armstrong Midlength FG Board\" \/><\/div>\n<\/div>\n<div class=\"domo-prod-section\">\n<div class=\"domo-prod-image\">\n    <img decoding=\"async\" src=\"https:\/\/domooutdoor.com\/uy\/wp-content\/uploads\/sites\/2\/2025\/11\/002.jpg\" alt=\"Armstrong Midlength FG Board\" \/>\n  <\/div>\n<div class=\"domo-prod-text\">\n<p class=\"domo-prod-kicker\">FORWARD GEOMETRY<\/p>\n<h2 style=\"color:#ffffff;\">La libertad de elegir tu lift.<\/h2>\n<p>\n      Dise\u00f1ado para funcionar con <strong>cualquier marca de foil<\/strong>, el concepto<br \/>\n      <strong>FG<\/strong> mejora la respuesta al ubicar los<br \/>\n      <strong>tracks del foil m\u00e1s centrados<\/strong> y reducir el<br \/>\n      <strong>swing weight<\/strong> en los giros.\n    <\/p>\n<p>\n      El resultado es una <strong>maniobrabilidad m\u00e1xima<\/strong> y una<br \/>\n      <strong>sensaci\u00f3n ultra conectada<\/strong> sobre el foil.\n    <\/p>\n<\/p><\/div>\n<\/div>\n<div class=\"domo-prod-section\">\n<div class=\"domo-prod-text\">\n<p class=\"domo-prod-kicker\">Technology<\/p>\n<h2 style=\"color:#ffffff;\">Dual Carbon Stringer System<\/h2>\n<p>La Midlength est\u00e1 construida en torno a un <strong>sistema de doble stringer tipo I-beam<\/strong> que recorre la tabla de arriba hacia abajo. Los <strong>tracks de foil en fibra de carbono de dise\u00f1o exclusivo<\/strong> est\u00e1n integrados directamente en estas fibras estructurales, aportando una <strong>rigidez y respuesta excepcionales<\/strong>.<\/p>\n<p>El resultado es una tabla <strong>s\u00f3lida, reactiva y extremadamente precisa<\/strong>, que convierte cada sesi\u00f3n en un verdadero placer sobre el foil.<\/p>\n<\/div>\n<div class=\"domo-prod-image\"><img decoding=\"async\" src=\"https:\/\/domooutdoor.com\/uy\/wp-content\/uploads\/sites\/2\/2025\/11\/003.jpg\" alt=\"Armstrong Midlength FG Board\" \/><\/div>\n<\/div>\n<div class=\"domo-prod-section\">\n<div class=\"domo-prod-image\">\n    <img decoding=\"async\" src=\"https:\/\/domooutdoor.com\/uy\/wp-content\/uploads\/sites\/2\/2025\/11\/004.jpg\" alt=\"Armstrong Midlength FG Board\" \/>\n  <\/div>\n<div class=\"domo-prod-text\">\n<p class=\"domo-prod-kicker\">DESIGN<\/p>\n<h2 style=\"color:#ffffff;\">Mas grip, mas control<\/h2>\n<p>El <strong>deck grip de la Surf<\/strong> est\u00e1 dise\u00f1ado espec\u00edficamente para ofrecer <strong>m\u00e1ximo control y confort<\/strong>, permiti\u00e9ndote expresarte con total libertad en el surf. Mantiene una sensaci\u00f3n similar a la de nuestras otras tablas, pero incorpora un dise\u00f1o optimizado para este tipo de navegaci\u00f3n.<\/p>\n<p>La zona principal del grip cuenta con <strong>micro-cortes exclusivos<\/strong> que brindan un agarre firme para maniobras cr\u00edticas <strong>strapless<\/strong>, manteniendo al mismo tiempo una superficie lo suficientemente plana como para permitir <strong>reacomodar los pies con facilidad<\/strong> durante toda la sesi\u00f3n.<\/p>\n<p>En la parte trasera, un <strong>kick pad de ancho completo<\/strong> ofrece <strong>tracci\u00f3n adicional<\/strong> e incluye <strong>marcas de referencia<\/strong> que indican la posici\u00f3n de los <strong>tracks del foil<\/strong> ubicados debajo.<\/p>\n<p>Adem\u00e1s, el deck grip incorpora <strong>perforaciones<\/strong> que facilitan el acceso a los <strong>insertos de tornillos para footstraps<\/strong>.<\/p>\n<\/p><\/div>\n","protected":false},"excerpt":{"rendered":"<p><strong>La Midlength FG<\/strong> es m\u00e1s que una tabla: es una filosof\u00eda. Es la idea poco convencional de que, en un mundo obsesionado con ofrecerte tantas opciones que casi no sab\u00e9s qu\u00e9 elegir para salir a navegar, <strong>hacer m\u00e1s con menos<\/strong> es una alternativa realmente inspiradora.<\/p>\n<p>Ubicada entre nuestras tablas de <strong>Prone, Wing y Downwind<\/strong>, la Midlength es una verdadera <strong>salva-sesiones<\/strong> en d\u00edas chicos o de poco viento, ofreciendo un <strong>deslizamiento excelente<\/strong> para remar y una <strong>liberaci\u00f3n f\u00e1cil<\/strong> que te permite subir al foil con menos esfuerzo.<\/p>\n<p>Su proporci\u00f3n \u201cGoldilocks\u201d de dimensiones y volumen consigue el equilibrio justo entre <strong>planeo, estabilidad y maniobrabilidad<\/strong>, para que no tengas que ser un profesional para aumentar tu tiempo sobre el foil.<\/p>\n<p><strong>Defin\u00ed c\u00f3mo quer\u00e9s navegar. La elecci\u00f3n es tuya.<\/strong><\/p>\n","protected":false},"featured_media":3236,"comment_status":"open","ping_status":"closed","template":"","meta":[],"product_brand":[],"product_cat":[158],"product_tag":[],"class_list":{"0":"post-3235","1":"product","2":"type-product","3":"status-publish","4":"has-post-thumbnail","6":"product_cat-armstrong-boards","7":"product_shipping_class-hasta-50kg","8":"tm-no-options","10":"first","11":"instock","12":"taxable","13":"shipping-taxable","14":"purchasable","15":"product-type-variable"},"aioseo_notices":[],"_links":{"self":[{"href":"https:\/\/domooutdoor.com\/uy\/wp-json\/wp\/v2\/product\/3235","targetHints":{"allow":["GET"]}}],"collection":[{"href":"https:\/\/domooutdoor.com\/uy\/wp-json\/wp\/v2\/product"}],"about":[{"href":"https:\/\/domooutdoor.com\/uy\/wp-json\/wp\/v2\/types\/product"}],"replies":[{"embeddable":true,"href":"https:\/\/domooutdoor.com\/uy\/wp-json\/wp\/v2\/comments?post=3235"}],"wp:featuredmedia":[{"embeddable":true,"href":"https:\/\/domooutdoor.com\/uy\/wp-json\/wp\/v2\/media\/3236"}],"wp:attachment":[{"href":"https:\/\/domooutdoor.com\/uy\/wp-json\/wp\/v2\/media?parent=3235"}],"wp:term":[{"taxonomy":"product_brand","embeddable":true,"href":"https:\/\/domooutdoor.com\/uy\/wp-json\/wp\/v2\/product_brand?post=3235"},{"taxonomy":"product_cat","embeddable":true,"href":"https:\/\/domooutdoor.com\/uy\/wp-json\/wp\/v2\/product_cat?post=3235"},{"taxonomy":"product_tag","embeddable":true,"href":"https:\/\/domooutdoor.com\/uy\/wp-json\/wp\/v2\/product_tag?post=3235"}],"curies":[{"name":"wp","href":"https:\/\/api.w.org\/{rel}","templated":true}]}}