{"id":3294,"date":"2025-11-27T16:38:00","date_gmt":"2025-11-27T15:38:00","guid":{"rendered":"https:\/\/domooutdoor.com\/uy\/?post_type=product&#038;p=3294"},"modified":"2025-11-27T16:45:22","modified_gmt":"2025-11-27T15:45:22","slug":"armstrong-wing-fg-foilboard","status":"publish","type":"product","link":"https:\/\/domooutdoor.com\/uy\/producto\/armstrong-wing-fg-foilboard\/","title":{"rendered":"Armstrong Wing FG Foilboard"},"content":{"rendered":"<div class=\"domo-prod-section\">\n<div class=\"domo-prod-text\">\n<p class=\"domo-prod-kicker\">Compact shape<\/p>\n<h2 style=\"color:#ffffff;\">Dise\u00f1o estilizado sin sacrificar flotabilidad.<\/h2>\n<p>La magia de la <strong>Wing FG<\/strong> est\u00e1 en lo efectivamente que logra <strong>ocultar el volumen dentro de sus dimensiones<\/strong>. Esto se debe en gran parte a su <strong>outline<\/strong>, que comienza con una <strong>nariz tipo wedge barrida<\/strong>, equilibrando la superficie de desplazamiento con un <strong>deslizamiento eficiente<\/strong>.<\/p>\n<\/div>\n<div class=\"domo-prod-image\"><img decoding=\"async\" src=\"https:\/\/domooutdoor.com\/uy\/wp-content\/uploads\/sites\/2\/2025\/11\/FG-BOARD-COMPACT-SHAPE.jpg\" alt=\"Armstrong Midlength FG Board\" \/><\/div>\n<\/div>\n<div class=\"domo-prod-section\">\n<div class=\"domo-prod-image\">\n    <img decoding=\"async\" src=\"https:\/\/domooutdoor.com\/uy\/wp-content\/uploads\/sites\/2\/2025\/11\/FG-BOARD-FORWARD-GEOMETRY.jpg\" alt=\"Armstrong Midlength FG Board\" \/>\n  <\/div>\n<div class=\"domo-prod-text\">\n<p class=\"domo-prod-kicker\">FORWARD GEOMETRY<\/p>\n<h2 style=\"color:#ffffff;\">La libertad de elegir tu lift.<\/h2>\n<p>Dise\u00f1ado para funcionar con <strong>cualquier marca de foil<\/strong>, el concepto <strong>FG<\/strong> aumenta la <strong>respuesta<\/strong> al ubicar los <strong>tracks del foil m\u00e1s centrados<\/strong> y reducir el <strong>swing weight<\/strong> en los giros.<\/p>\n<p>Esto se traduce en una <strong>maniobrabilidad m\u00e1xima<\/strong> y una <strong>sensaci\u00f3n ultra conectada<\/strong> sobre el foil.<\/p>\n<\/p><\/div>\n<\/div>\n<div class=\"domo-prod-section\">\n<div class=\"domo-prod-text\">\n<p class=\"domo-prod-kicker\">Technology<\/p>\n<h2 style=\"color:#ffffff;\">Dual Carbon Stringer System<\/h2>\n<p>La <strong>Wing FG<\/strong> est\u00e1 construida sobre un <strong>sistema de doble stringer tipo I-beam<\/strong> que recorre la tabla de arriba hacia abajo. Los <strong>tracks de foil en fibra de carbono de dise\u00f1o exclusivo<\/strong> est\u00e1n integrados directamente en estas fibras estructurales.<\/p>\n<p>Esto le otorga a la Wing FG una <strong>construcci\u00f3n r\u00edgida y altamente reactiva<\/strong>, con una <strong>sensaci\u00f3n precisa y directa<\/strong> que la hace un verdadero placer de navegar.<\/p>\n<\/div>\n<div class=\"domo-prod-image\"><img decoding=\"async\" src=\"https:\/\/domooutdoor.com\/uy\/wp-content\/uploads\/sites\/2\/2025\/11\/FG-BOARD-TECHNOLOGY.jpg\" alt=\"Armstrong Midlength FG Board\" \/><\/div>\n<\/div>\n","protected":false},"excerpt":{"rendered":"<p>La <strong>Wing FG<\/strong> est\u00e1 dise\u00f1ada para acompa\u00f1ar y potenciar tu <strong>progresi\u00f3n en wingfoil<\/strong>. Su shape refinado concentra <strong>m\u00e1s volumen en dimensiones m\u00e1s compactas<\/strong>, permitiendo disfrutar el rendimiento de una tabla m\u00e1s chica pero con mayor facilidad de uso.<\/p>\n<p>Una <strong>nariz wedge barrida<\/strong>, una <strong>geometr\u00eda de tail limpia y bien definida<\/strong> y <strong>chines a lo largo de toda la tabla<\/strong> dan como resultado un nivel \u00fanico de <strong>versatilidad y respuesta<\/strong>, haciendo que este shape sea excelente para todo: desde las <strong>etapas iniciales de aprendizaje<\/strong> hasta el <strong>m\u00e1ximo nivel competitivo del World Tour<\/strong>.<\/p>\n<p>Los <strong>insertos para footstraps<\/strong> permiten elegir una <strong>configuraci\u00f3n con straps<\/strong>, ofreciendo <strong>m\u00faltiples posiciones de colocaci\u00f3n<\/strong> seg\u00fan tu estilo de navegaci\u00f3n.<\/p>\n","protected":false},"featured_media":3298,"comment_status":"open","ping_status":"closed","template":"","meta":[],"product_brand":[],"product_cat":[158],"product_tag":[],"class_list":{"0":"post-3294","1":"product","2":"type-product","3":"status-publish","4":"has-post-thumbnail","6":"product_cat-armstrong-boards","7":"tm-no-options","9":"first","10":"instock","11":"taxable","12":"shipping-taxable","13":"purchasable","14":"product-type-variable"},"aioseo_notices":[],"_links":{"self":[{"href":"https:\/\/domooutdoor.com\/uy\/wp-json\/wp\/v2\/product\/3294","targetHints":{"allow":["GET"]}}],"collection":[{"href":"https:\/\/domooutdoor.com\/uy\/wp-json\/wp\/v2\/product"}],"about":[{"href":"https:\/\/domooutdoor.com\/uy\/wp-json\/wp\/v2\/types\/product"}],"replies":[{"embeddable":true,"href":"https:\/\/domooutdoor.com\/uy\/wp-json\/wp\/v2\/comments?post=3294"}],"wp:featuredmedia":[{"embeddable":true,"href":"https:\/\/domooutdoor.com\/uy\/wp-json\/wp\/v2\/media\/3298"}],"wp:attachment":[{"href":"https:\/\/domooutdoor.com\/uy\/wp-json\/wp\/v2\/media?parent=3294"}],"wp:term":[{"taxonomy":"product_brand","embeddable":true,"href":"https:\/\/domooutdoor.com\/uy\/wp-json\/wp\/v2\/product_brand?post=3294"},{"taxonomy":"product_cat","embeddable":true,"href":"https:\/\/domooutdoor.com\/uy\/wp-json\/wp\/v2\/product_cat?post=3294"},{"taxonomy":"product_tag","embeddable":true,"href":"https:\/\/domooutdoor.com\/uy\/wp-json\/wp\/v2\/product_tag?post=3294"}],"curies":[{"name":"wp","href":"https:\/\/api.w.org\/{rel}","templated":true}]}}