{"id":3315,"date":"2025-11-27T17:23:35","date_gmt":"2025-11-27T16:23:35","guid":{"rendered":"https:\/\/domooutdoor.com\/uy\/?post_type=product&#038;p=3315"},"modified":"2025-11-27T17:23:40","modified_gmt":"2025-11-27T16:23:40","slug":"armstrong-v-strap-footstrap-con-hardware","status":"publish","type":"product","link":"https:\/\/domooutdoor.com\/uy\/producto\/armstrong-v-strap-footstrap-con-hardware\/","title":{"rendered":"Armstrong V-Strap Footstrap con Hardware"},"content":{"rendered":"","protected":false},"excerpt":{"rendered":"<p>La <strong>Wing FG<\/strong> est\u00e1 dise\u00f1ada para acompa\u00f1ar y potenciar tu <strong>progresi\u00f3n en wingfoil<\/strong>. Su shape refinado concentra <strong>m\u00e1s volumen en dimensiones m\u00e1s compactas<\/strong>, permitiendo disfrutar el rendimiento de una tabla m\u00e1s chica pero con mayor facilidad de uso.<\/p>\n<p>Una <strong>nariz wedge barrida<\/strong>, una <strong>geometr\u00eda de tail limpia y bien definida<\/strong> y <strong>chines a lo largo de toda la tabla<\/strong> dan como resultado un nivel \u00fanico de <strong>versatilidad y respuesta<\/strong>, haciendo que este shape sea excelente para todo: desde las <strong>etapas iniciales de aprendizaje<\/strong> hasta el <strong>m\u00e1ximo nivel competitivo del World Tour<\/strong>.<\/p>\n<p>Los <strong>insertos para footstraps<\/strong> permiten elegir una <strong>configuraci\u00f3n con straps<\/strong>, ofreciendo <strong>m\u00faltiples posiciones de colocaci\u00f3n<\/strong> seg\u00fan tu estilo de navegaci\u00f3n.<\/p>\n<p>Incluye:<br \/>\n(3x) Torx 27mm 316L Stainless Steel Self Tapping Screw (Rainbow Titanium Coating)<br \/>\n(3x) Titanium Footstrap Washer<\/p>\n","protected":false},"featured_media":3316,"comment_status":"open","ping_status":"closed","template":"","meta":[],"product_brand":[],"product_cat":[158],"product_tag":[],"class_list":{"0":"post-3315","1":"product","2":"type-product","3":"status-publish","4":"has-post-thumbnail","6":"product_cat-armstrong-boards","7":"tm-no-options","9":"first","10":"instock","11":"taxable","12":"shipping-taxable","13":"purchasable","14":"product-type-simple"},"aioseo_notices":[],"_links":{"self":[{"href":"https:\/\/domooutdoor.com\/uy\/wp-json\/wp\/v2\/product\/3315","targetHints":{"allow":["GET"]}}],"collection":[{"href":"https:\/\/domooutdoor.com\/uy\/wp-json\/wp\/v2\/product"}],"about":[{"href":"https:\/\/domooutdoor.com\/uy\/wp-json\/wp\/v2\/types\/product"}],"replies":[{"embeddable":true,"href":"https:\/\/domooutdoor.com\/uy\/wp-json\/wp\/v2\/comments?post=3315"}],"wp:featuredmedia":[{"embeddable":true,"href":"https:\/\/domooutdoor.com\/uy\/wp-json\/wp\/v2\/media\/3316"}],"wp:attachment":[{"href":"https:\/\/domooutdoor.com\/uy\/wp-json\/wp\/v2\/media?parent=3315"}],"wp:term":[{"taxonomy":"product_brand","embeddable":true,"href":"https:\/\/domooutdoor.com\/uy\/wp-json\/wp\/v2\/product_brand?post=3315"},{"taxonomy":"product_cat","embeddable":true,"href":"https:\/\/domooutdoor.com\/uy\/wp-json\/wp\/v2\/product_cat?post=3315"},{"taxonomy":"product_tag","embeddable":true,"href":"https:\/\/domooutdoor.com\/uy\/wp-json\/wp\/v2\/product_tag?post=3315"}],"curies":[{"name":"wp","href":"https:\/\/api.w.org\/{rel}","templated":true}]}}