{"id":3318,"date":"2025-11-27T17:26:45","date_gmt":"2025-11-27T16:26:45","guid":{"rendered":"https:\/\/domooutdoor.com\/uy\/?post_type=product&#038;p=3318"},"modified":"2025-11-27T17:26:45","modified_gmt":"2025-11-27T16:26:45","slug":"armstrong-foot-strap","status":"publish","type":"product","link":"https:\/\/domooutdoor.com\/uy\/producto\/armstrong-foot-strap\/","title":{"rendered":"Armstrong Foot Strap"},"content":{"rendered":"","protected":false},"excerpt":{"rendered":"<p><strong>Footstrap recto<\/strong>, c\u00f3modo, vers\u00e1til y durable justo donde m\u00e1s lo necesit\u00e1s. Fabricado en <strong>memory foam<\/strong>, se ajusta perfectamente al pie y cincha de forma uniforme gracias a nuestras <strong>arandelas de titanio de dise\u00f1o exclusivo<\/strong>.<\/p>\n<p><strong>Nota:<\/strong> No utilizar con tablas <strong>WKT<\/strong> (puede provocar da\u00f1os o fisuras en la tabla). Requiere el uso de <strong>tornillos mecanizados de 19,5 mm<\/strong>.<\/p>\n<p>Incluye:<br \/>\n(2x) Torx 27mm 316L Stainless Steel Self Tapping Screw<br \/>\n(2x) Titanium Footstrap Washer<\/p>\n","protected":false},"featured_media":3319,"comment_status":"open","ping_status":"closed","template":"","meta":[],"product_brand":[],"product_cat":[158],"product_tag":[],"class_list":{"0":"post-3318","1":"product","2":"type-product","3":"status-publish","4":"has-post-thumbnail","6":"product_cat-armstrong-boards","7":"tm-no-options","9":"first","10":"instock","11":"taxable","12":"shipping-taxable","13":"purchasable","14":"product-type-simple"},"aioseo_notices":[],"_links":{"self":[{"href":"https:\/\/domooutdoor.com\/uy\/wp-json\/wp\/v2\/product\/3318","targetHints":{"allow":["GET"]}}],"collection":[{"href":"https:\/\/domooutdoor.com\/uy\/wp-json\/wp\/v2\/product"}],"about":[{"href":"https:\/\/domooutdoor.com\/uy\/wp-json\/wp\/v2\/types\/product"}],"replies":[{"embeddable":true,"href":"https:\/\/domooutdoor.com\/uy\/wp-json\/wp\/v2\/comments?post=3318"}],"wp:featuredmedia":[{"embeddable":true,"href":"https:\/\/domooutdoor.com\/uy\/wp-json\/wp\/v2\/media\/3319"}],"wp:attachment":[{"href":"https:\/\/domooutdoor.com\/uy\/wp-json\/wp\/v2\/media?parent=3318"}],"wp:term":[{"taxonomy":"product_brand","embeddable":true,"href":"https:\/\/domooutdoor.com\/uy\/wp-json\/wp\/v2\/product_brand?post=3318"},{"taxonomy":"product_cat","embeddable":true,"href":"https:\/\/domooutdoor.com\/uy\/wp-json\/wp\/v2\/product_cat?post=3318"},{"taxonomy":"product_tag","embeddable":true,"href":"https:\/\/domooutdoor.com\/uy\/wp-json\/wp\/v2\/product_tag?post=3318"}],"curies":[{"name":"wp","href":"https:\/\/api.w.org\/{rel}","templated":true}]}}