{"id":460,"date":"2024-05-21T17:53:09","date_gmt":"2024-05-21T15:53:09","guid":{"rendered":"https:\/\/domooutdoor.com\/uy\/?post_type=product&#038;p=460"},"modified":"2026-03-23T15:15:27","modified_gmt":"2026-03-23T14:15:27","slug":"asador-de-pereruela-con-estrias","status":"publish","type":"product","link":"https:\/\/domooutdoor.com\/uy\/producto\/asador-de-pereruela-con-estrias\/","title":{"rendered":"Asador de pereruela con estr\u00edas"},"content":{"rendered":"<h2>Asador de Pereruela con estr\u00edas: cocci\u00f3n perfecta y sabor tradicional<\/h2>\n<p>El <strong>asador de Pereruela con estr\u00edas<\/strong> Domo es una pieza de barro refractario hecha a mano, ideal para preparar tost\u00f3n, cordero o lech\u00f3n al horno o sobre las brasas. Sus estr\u00edas elevadas una textura dorada por fuera y jugosa por dentro.<\/p>\n<p><strong>Adem\u00e1s<\/strong>, su forma ovalada y fondo estriado favorecen la circulaci\u00f3n del calor y evitan que los jugos se acumulen en contacto con el alimento. <strong>Tambi\u00e9n<\/strong> es apto para hornos de barro, kamados y fuegos directos.<\/p>\n<h3>\u00bfPor qu\u00e9 elegir este asador de Pereruela con estr\u00edas?<\/h3>\n<p><strong>En primer lugar<\/strong>, porque es pr\u00e1ctico, duradero y realza el sabor natural de tus recetas. <strong>Por eso<\/strong>, es ideal para quienes valoran la cocina artesanal y el fuego como herramienta principal. <strong>En otras palabras<\/strong>, es una pieza de tradici\u00f3n que transforma cualquier asado en una experiencia \u00fanica.<\/p>\n<ul>\n<li>\ud83d\udd25 Hecho en barro refractario de Pereruela (Espa\u00f1a)<\/li>\n<li>\ud83c\udf56 Fondo estriado para cocci\u00f3n crocante<\/li>\n<li>\u2668\ufe0f Apto para horno, kamado o brasas directas<\/li>\n<li>\ud83d\udc50 Producto 100% artesanal<\/li>\n<\/ul>\n<h3>Complet\u00e1 tu mesa al fuego con Domo<\/h3>\n<p>Combin\u00e1 esta <strong>provolonera de barro<\/strong> con nuestros <a href=\"https:\/\/domooutdoor.com\/uy\/categoria-producto\/smoker-and-grill\/accesorios-parrilla\/\">accesorios para parrilla<\/a> y <a href=\"https:\/\/domooutdoor.com\/uy\/categoria-producto\/smoker-and-grill\/kamado\/\">Kamados Domo<\/a>.<\/p>\n<p><strong>Mir\u00e1 c\u00f3mo se usa en esta <a href=\"https:\/\/www.instagram.com\/domooutdoor.uy\/reel\/Ct2iJKxJ3Ep\/\" target=\"_blank\" rel=\"noopener noreferrer\">demostraci\u00f3n real en Instagram<\/a>.<\/strong><\/p>\n<p><img decoding=\"async\" src=\"https:\/\/domooutdoor.com\/uy\/wp-content\/uploads\/sites\/2\/2024\/05\/Portada-WEB-Cazuela-asador-toston-estrias.jpg\" alt=\"Asador de Pereruela con estr\u00edas DOMO para tost\u00f3n, lech\u00f3n o cordero al horno\" \/><\/p>\n","protected":false},"excerpt":{"rendered":"<p style=\"font-weight: 400;\">La cazuela asador tost\u00f3n con estr\u00edas se utiliza sobre todo par asar carnes ya que quedan m\u00e1s crujientes\u00a0 y sabrosas porque no entra en contacto con los l\u00edquidos. El corte ideal para este accesorio es el cerdo.<\/p>\n<p style=\"font-weight: 400;\">Medida 35x26cm aproximada porque se hacen a mano.<\/p>\n<p style=\"font-weight: 400;\">Est\u00e1 hechos con barro refractario. Este barro t\u00edpico y exclusivo de Pereruela le da unas caracter\u00edsticas especiales a los productos que hace que sean \u00fanicos por su resistencia al fuego, por la capacidad de mantener el calor y por el buen gusto y sabor que dan a los guisos que en ellos cocinamos.<br \/>\nSon resistentes tanto a fuego directo, como dentro del horno.<\/p>\n","protected":false},"featured_media":490,"comment_status":"open","ping_status":"closed","template":"","meta":[],"product_brand":[],"product_cat":[114],"product_tag":[],"class_list":{"0":"post-460","1":"product","2":"type-product","3":"status-publish","4":"has-post-thumbnail","6":"product_cat-barros-espana","7":"product_shipping_class-hasta-5kg","8":"tm-no-options","10":"first","11":"outofstock","12":"taxable","13":"shipping-taxable","14":"purchasable","15":"product-type-variable"},"aioseo_notices":[],"_links":{"self":[{"href":"https:\/\/domooutdoor.com\/uy\/wp-json\/wp\/v2\/product\/460","targetHints":{"allow":["GET"]}}],"collection":[{"href":"https:\/\/domooutdoor.com\/uy\/wp-json\/wp\/v2\/product"}],"about":[{"href":"https:\/\/domooutdoor.com\/uy\/wp-json\/wp\/v2\/types\/product"}],"replies":[{"embeddable":true,"href":"https:\/\/domooutdoor.com\/uy\/wp-json\/wp\/v2\/comments?post=460"}],"wp:featuredmedia":[{"embeddable":true,"href":"https:\/\/domooutdoor.com\/uy\/wp-json\/wp\/v2\/media\/490"}],"wp:attachment":[{"href":"https:\/\/domooutdoor.com\/uy\/wp-json\/wp\/v2\/media?parent=460"}],"wp:term":[{"taxonomy":"product_brand","embeddable":true,"href":"https:\/\/domooutdoor.com\/uy\/wp-json\/wp\/v2\/product_brand?post=460"},{"taxonomy":"product_cat","embeddable":true,"href":"https:\/\/domooutdoor.com\/uy\/wp-json\/wp\/v2\/product_cat?post=460"},{"taxonomy":"product_tag","embeddable":true,"href":"https:\/\/domooutdoor.com\/uy\/wp-json\/wp\/v2\/product_tag?post=460"}],"curies":[{"name":"wp","href":"https:\/\/api.w.org\/{rel}","templated":true}]}}