{"id":736,"date":"2024-05-21T17:54:02","date_gmt":"2024-05-21T15:54:02","guid":{"rendered":"https:\/\/domooutdoor.com\/uy\/?post_type=product&#038;p=736"},"modified":"2025-11-11T21:03:44","modified_gmt":"2025-11-11T20:03:44","slug":"encendedor-de-carbon-electrico","status":"publish","type":"product","link":"https:\/\/domooutdoor.com\/uy\/producto\/encendedor-de-carbon-electrico\/","title":{"rendered":"Encendedor de carb\u00f3n el\u00e9ctrico"},"content":{"rendered":"<h2>Encendedor de carb\u00f3n el\u00e9ctrico: brasas listas en minutos, sin humo ni esfuerzo<\/h2>\n<p>Con el <strong>encendedor de carb\u00f3n el\u00e9ctrico<\/strong> Domo pod\u00e9s olvidarte del papel, alcohol o pastillas inflamables. Este dispositivo permite encender tu parrilla, Kamado o brasero de forma limpia, segura y en apenas 5 u 8 minutos.<\/p>\n<p><strong>Adem\u00e1s<\/strong>, cuenta con una resistencia de acero inoxidable de alta potencia, dise\u00f1ada para soportar el calor extremo sin deformarse. <strong>Tambi\u00e9n<\/strong> incluye un soporte met\u00e1lico que lo mantiene en posici\u00f3n segura durante el encendido.<\/p>\n<h3>\u00bfPor qu\u00e9 elegir este encendedor de carb\u00f3n el\u00e9ctrico?<\/h3>\n<p><strong>En primer lugar<\/strong>, porque reduce el tiempo de encendido del carb\u00f3n y elimina el humo t\u00f3xico de los m\u00e9todos tradicionales. <strong>Por eso<\/strong>, es ideal para uso frecuente, olv\u00eddate de andar comprando alcohol azul, papel u otros encendedores con humos toxicos. <strong>En otras palabras<\/strong>, practicidad y eficiencia en tu cocina al carb\u00f3n.<\/p>\n<ul>\n<li>\u26a1 Potencia: 1000 W<\/li>\n<li>\ud83d\udd25 Encendido r\u00e1pido y sin qu\u00edmicos<\/li>\n<li>\ud83e\uddf1 Estructura de acero inoxidable<\/li>\n<li>\ud83d\udd0c Enchufe Schuko de 220v con protecci\u00f3n t\u00e9rmica<\/li>\n<\/ul>\n<h3>Complet\u00e1 tu estaci\u00f3n de fuego Domo<\/h3>\n<p>Us\u00e1 este <strong>encendedor de carb\u00f3n el\u00e9ctrico<\/strong> junto a nuestros <a href=\"https:\/\/domooutdoor.com\/uy\/categoria-producto\/smoker-and-grill\/consumibles\/\">carbones premium<\/a> y <a href=\"https:\/\/domooutdoor.com\/uy\/categoria-producto\/smoker-and-grill\/kamado\/\">Kamados DOMO<\/a> para una experiencia de fuego m\u00e1s r\u00e1pida, limpia y segura.<\/p>\n<p><strong>Mir\u00e1 c\u00f3mo funciona en esta <a href=\"https:\/\/www.instagram.com\/domooutdoor.uy\/reel\/DB7RSzdp7tV\/\" target=\"_blank\" rel=\"noopener noreferrer\">demostraci\u00f3n real en Instagram<\/a>.<\/strong><\/p>\n<p><img decoding=\"async\" src=\"https:\/\/domooutdoor.com\/uy\/wp-content\/uploads\/sites\/2\/2024\/05\/01-36-300x300.jpg\" alt=\"Encendedor de carb\u00f3n el\u00e9ctrico DOMO para kamado, parrilla y brasero sin qu\u00edmicos\" \/><\/p>\n","protected":false},"excerpt":{"rendered":"<p>Puedes encender f\u00e1cilmente tu parrilla de carb\u00f3n, chimenea de le\u00f1a o fogata en 2-3 minutos con este encendedor el\u00e9ctrico. Utiliza aire a una alta temperatura de 700\u00b0C para encender y luego avivar las llamas con un ventilador incorporado. No es necesario utilizar l\u00edquido encendedor u otros productos qu\u00edmicos para iniciar el fuego.<\/p>\n","protected":false},"featured_media":1278,"comment_status":"open","ping_status":"closed","template":"","meta":[],"product_brand":[],"product_cat":[95,102,105],"product_tag":[],"class_list":{"0":"post-736","1":"product","2":"type-product","3":"status-publish","4":"has-post-thumbnail","6":"product_cat-smoker-and-grill","7":"product_cat-accesorios-kamados","8":"product_cat-consumibles","9":"product_shipping_class-hasta-5kg","10":"tm-no-options","12":"first","13":"instock","14":"taxable","15":"shipping-taxable","16":"purchasable","17":"product-type-simple"},"aioseo_notices":[],"_links":{"self":[{"href":"https:\/\/domooutdoor.com\/uy\/wp-json\/wp\/v2\/product\/736","targetHints":{"allow":["GET"]}}],"collection":[{"href":"https:\/\/domooutdoor.com\/uy\/wp-json\/wp\/v2\/product"}],"about":[{"href":"https:\/\/domooutdoor.com\/uy\/wp-json\/wp\/v2\/types\/product"}],"replies":[{"embeddable":true,"href":"https:\/\/domooutdoor.com\/uy\/wp-json\/wp\/v2\/comments?post=736"}],"wp:featuredmedia":[{"embeddable":true,"href":"https:\/\/domooutdoor.com\/uy\/wp-json\/wp\/v2\/media\/1278"}],"wp:attachment":[{"href":"https:\/\/domooutdoor.com\/uy\/wp-json\/wp\/v2\/media?parent=736"}],"wp:term":[{"taxonomy":"product_brand","embeddable":true,"href":"https:\/\/domooutdoor.com\/uy\/wp-json\/wp\/v2\/product_brand?post=736"},{"taxonomy":"product_cat","embeddable":true,"href":"https:\/\/domooutdoor.com\/uy\/wp-json\/wp\/v2\/product_cat?post=736"},{"taxonomy":"product_tag","embeddable":true,"href":"https:\/\/domooutdoor.com\/uy\/wp-json\/wp\/v2\/product_tag?post=736"}],"curies":[{"name":"wp","href":"https:\/\/api.w.org\/{rel}","templated":true}]}}